{"id":1173,"date":"2017-12-20T22:38:33","date_gmt":"2017-12-20T22:38:33","guid":{"rendered":"https:\/\/new-era-colorado-action-prod.local\/quienes-somos\/"},"modified":"2017-12-20T22:38:33","modified_gmt":"2017-12-20T22:38:33","slug":"quienes-somos","status":"publish","type":"page","link":"https:\/\/neweracoloradoaction.org\/es\/quienes-somos\/","title":{"rendered":"Qui\u00e9nes somos"},"content":{"rendered":"<h3>Sobre nosotros<\/h3>\n<p>  El Fondo de Acci\u00f3n Colorado Nueva Era fue fundado por un peque\u00f1o grupo de universitarios reci\u00e9n licenciados en 2006. Desde entonces, nos hemos convertido en una voz l\u00edder para los j\u00f3venes en pol\u00edtica en todo este gran estado de Colorado.  <\/p>\n<h3>Nuestra gente<\/h3>\n<p>  \u00bfTe preguntas qui\u00e9n conduce el autob\u00fas? Haz clic en los enlaces siguientes para enterarte de todo. Lee m\u00e1s sobre nuestro personal y junta directiva aqu\u00ed.  <\/p>\n<h3>Nuestra misi\u00f3n<\/h3>\n<p>  El Fondo de Acci\u00f3n Colorado Nueva Era est\u00e1 reinventando la pol\u00edtica para una nueva generaci\u00f3n mediante una acci\u00f3n social y pol\u00edtica innovadora. Lee m\u00e1s sobre nuestra misi\u00f3n aqu\u00ed.  <\/p>\n<h3>Contacta con nosotros<\/h3>\n<p>  Nos gustar\u00eda tener noticias tuyas, de verdad. Haz clic aqu\u00ed para ponerte en contacto con nosotros.  <\/p>\n<h3><\/h3>\n","protected":false},"excerpt":{"rendered":"<p>Sobre nosotros El Fondo de Acci\u00f3n Colorado Nueva Era fue fundado por un peque\u00f1o grupo de universitarios reci\u00e9n licenciados en 2006. Desde entonces, nos hemos convertido en una voz l\u00edder para los j\u00f3venes en pol\u00edtica en todo este gran estado de Colorado. Nuestra gente \u00bfTe preguntas qui\u00e9n conduce el autob\u00fas? Haz clic en los enlaces [&hellip;]<\/p>\n","protected":false},"author":3,"featured_media":0,"parent":0,"menu_order":0,"comment_status":"closed","ping_status":"closed","template":"","meta":{"footnotes":""},"class_list":["post-1173","page","type-page","status-publish","hentry"],"yoast_head":"<!-- This site is optimized with the Yoast SEO plugin v27.2 - https:\/\/yoast.com\/product\/yoast-seo-wordpress\/ -->\n<title>Qui\u00e9nes somos - New Era Colorado<\/title>\n<meta name=\"robots\" content=\"index, follow, max-snippet:-1, max-image-preview:large, max-video-preview:-1\" \/>\n<link rel=\"canonical\" href=\"https:\/\/neweracoloradoaction.org\/es\/quienes-somos\/\" \/>\n<meta property=\"og:locale\" content=\"es_ES\" \/>\n<meta property=\"og:type\" content=\"article\" \/>\n<meta property=\"og:title\" content=\"Qui\u00e9nes somos - New Era Colorado\" \/>\n<meta property=\"og:description\" content=\"Sobre nosotros El Fondo de Acci\u00f3n Colorado Nueva Era fue fundado por un peque\u00f1o grupo de universitarios reci\u00e9n licenciados en 2006. Desde entonces, nos hemos convertido en una voz l\u00edder para los j\u00f3venes en pol\u00edtica en todo este gran estado de Colorado. Nuestra gente \u00bfTe preguntas qui\u00e9n conduce el autob\u00fas? Haz clic en los enlaces [&hellip;]\" \/>\n<meta property=\"og:url\" content=\"https:\/\/neweracoloradoaction.org\/es\/quienes-somos\/\" \/>\n<meta property=\"og:site_name\" content=\"New Era Colorado\" \/>\n<meta name=\"twitter:card\" content=\"summary_large_image\" \/>\n<meta name=\"twitter:label1\" content=\"Tiempo de lectura\" \/>\n\t<meta name=\"twitter:data1\" content=\"1 minuto\" \/>\n<script type=\"application\/ld+json\" class=\"yoast-schema-graph\">{\"@context\":\"https:\/\/schema.org\",\"@graph\":[{\"@type\":\"WebPage\",\"@id\":\"https:\/\/neweracoloradoaction.org\/es\/quienes-somos\/\",\"url\":\"https:\/\/neweracoloradoaction.org\/es\/quienes-somos\/\",\"name\":\"Qui\u00e9nes somos - New Era Colorado\",\"isPartOf\":{\"@id\":\"https:\/\/neweracoloradoaction.org\/#website\"},\"datePublished\":\"2017-12-20T22:38:33+00:00\",\"breadcrumb\":{\"@id\":\"https:\/\/neweracoloradoaction.org\/es\/quienes-somos\/#breadcrumb\"},\"inLanguage\":\"es\",\"potentialAction\":[{\"@type\":\"ReadAction\",\"target\":[\"https:\/\/neweracoloradoaction.org\/es\/quienes-somos\/\"]}]},{\"@type\":\"BreadcrumbList\",\"@id\":\"https:\/\/neweracoloradoaction.org\/es\/quienes-somos\/#breadcrumb\",\"itemListElement\":[{\"@type\":\"ListItem\",\"position\":1,\"name\":\"Home\",\"item\":\"https:\/\/neweracoloradoaction.org\/\"},{\"@type\":\"ListItem\",\"position\":2,\"name\":\"Qui\u00e9nes somos\"}]},{\"@type\":\"WebSite\",\"@id\":\"https:\/\/neweracoloradoaction.org\/#website\",\"url\":\"https:\/\/neweracoloradoaction.org\/\",\"name\":\"New Era Colorado\",\"description\":\"Building power for our generation\",\"publisher\":{\"@id\":\"https:\/\/neweracoloradoaction.org\/#organization\"},\"potentialAction\":[{\"@type\":\"SearchAction\",\"target\":{\"@type\":\"EntryPoint\",\"urlTemplate\":\"https:\/\/neweracoloradoaction.org\/?s={search_term_string}\"},\"query-input\":{\"@type\":\"PropertyValueSpecification\",\"valueRequired\":true,\"valueName\":\"search_term_string\"}}],\"inLanguage\":\"es\"},{\"@type\":\"Organization\",\"@id\":\"https:\/\/neweracoloradoaction.org\/#organization\",\"name\":\"New Era Colorado\",\"url\":\"https:\/\/neweracoloradoaction.org\/\",\"logo\":{\"@type\":\"ImageObject\",\"inLanguage\":\"es\",\"@id\":\"https:\/\/neweracoloradoaction.org\/#\/schema\/logo\/image\/\",\"url\":\"https:\/\/neweracoloradoaction.org\/wp-content\/uploads\/2024\/01\/NEC_Logo_ActionFund_Horizontal_Color.png\",\"contentUrl\":\"https:\/\/neweracoloradoaction.org\/wp-content\/uploads\/2024\/01\/NEC_Logo_ActionFund_Horizontal_Color.png\",\"width\":1421,\"height\":672,\"caption\":\"New Era Colorado\"},\"image\":{\"@id\":\"https:\/\/neweracoloradoaction.org\/#\/schema\/logo\/image\/\"}}]}<\/script>\n<!-- \/ Yoast SEO plugin. -->","yoast_head_json":{"title":"Qui\u00e9nes somos - New Era Colorado","robots":{"index":"index","follow":"follow","max-snippet":"max-snippet:-1","max-image-preview":"max-image-preview:large","max-video-preview":"max-video-preview:-1"},"canonical":"https:\/\/neweracoloradoaction.org\/es\/quienes-somos\/","og_locale":"es_ES","og_type":"article","og_title":"Qui\u00e9nes somos - New Era Colorado","og_description":"Sobre nosotros El Fondo de Acci\u00f3n Colorado Nueva Era fue fundado por un peque\u00f1o grupo de universitarios reci\u00e9n licenciados en 2006. Desde entonces, nos hemos convertido en una voz l\u00edder para los j\u00f3venes en pol\u00edtica en todo este gran estado de Colorado. Nuestra gente \u00bfTe preguntas qui\u00e9n conduce el autob\u00fas? Haz clic en los enlaces [&hellip;]","og_url":"https:\/\/neweracoloradoaction.org\/es\/quienes-somos\/","og_site_name":"New Era Colorado","twitter_card":"summary_large_image","twitter_misc":{"Tiempo de lectura":"1 minuto"},"schema":{"@context":"https:\/\/schema.org","@graph":[{"@type":"WebPage","@id":"https:\/\/neweracoloradoaction.org\/es\/quienes-somos\/","url":"https:\/\/neweracoloradoaction.org\/es\/quienes-somos\/","name":"Qui\u00e9nes somos - New Era Colorado","isPartOf":{"@id":"https:\/\/neweracoloradoaction.org\/#website"},"datePublished":"2017-12-20T22:38:33+00:00","breadcrumb":{"@id":"https:\/\/neweracoloradoaction.org\/es\/quienes-somos\/#breadcrumb"},"inLanguage":"es","potentialAction":[{"@type":"ReadAction","target":["https:\/\/neweracoloradoaction.org\/es\/quienes-somos\/"]}]},{"@type":"BreadcrumbList","@id":"https:\/\/neweracoloradoaction.org\/es\/quienes-somos\/#breadcrumb","itemListElement":[{"@type":"ListItem","position":1,"name":"Home","item":"https:\/\/neweracoloradoaction.org\/"},{"@type":"ListItem","position":2,"name":"Qui\u00e9nes somos"}]},{"@type":"WebSite","@id":"https:\/\/neweracoloradoaction.org\/#website","url":"https:\/\/neweracoloradoaction.org\/","name":"New Era Colorado","description":"Building power for our generation","publisher":{"@id":"https:\/\/neweracoloradoaction.org\/#organization"},"potentialAction":[{"@type":"SearchAction","target":{"@type":"EntryPoint","urlTemplate":"https:\/\/neweracoloradoaction.org\/?s={search_term_string}"},"query-input":{"@type":"PropertyValueSpecification","valueRequired":true,"valueName":"search_term_string"}}],"inLanguage":"es"},{"@type":"Organization","@id":"https:\/\/neweracoloradoaction.org\/#organization","name":"New Era Colorado","url":"https:\/\/neweracoloradoaction.org\/","logo":{"@type":"ImageObject","inLanguage":"es","@id":"https:\/\/neweracoloradoaction.org\/#\/schema\/logo\/image\/","url":"https:\/\/neweracoloradoaction.org\/wp-content\/uploads\/2024\/01\/NEC_Logo_ActionFund_Horizontal_Color.png","contentUrl":"https:\/\/neweracoloradoaction.org\/wp-content\/uploads\/2024\/01\/NEC_Logo_ActionFund_Horizontal_Color.png","width":1421,"height":672,"caption":"New Era Colorado"},"image":{"@id":"https:\/\/neweracoloradoaction.org\/#\/schema\/logo\/image\/"}}]}},"_links":{"self":[{"href":"https:\/\/neweracoloradoaction.org\/es\/wp-json\/wp\/v2\/pages\/1173","targetHints":{"allow":["GET"]}}],"collection":[{"href":"https:\/\/neweracoloradoaction.org\/es\/wp-json\/wp\/v2\/pages"}],"about":[{"href":"https:\/\/neweracoloradoaction.org\/es\/wp-json\/wp\/v2\/types\/page"}],"author":[{"embeddable":true,"href":"https:\/\/neweracoloradoaction.org\/es\/wp-json\/wp\/v2\/users\/3"}],"replies":[{"embeddable":true,"href":"https:\/\/neweracoloradoaction.org\/es\/wp-json\/wp\/v2\/comments?post=1173"}],"version-history":[{"count":0,"href":"https:\/\/neweracoloradoaction.org\/es\/wp-json\/wp\/v2\/pages\/1173\/revisions"}],"wp:attachment":[{"href":"https:\/\/neweracoloradoaction.org\/es\/wp-json\/wp\/v2\/media?parent=1173"}],"curies":[{"name":"wp","href":"https:\/\/api.w.org\/{rel}","templated":true}]}}