{"id":1629,"date":"2024-09-05T15:43:02","date_gmt":"2024-09-05T15:43:02","guid":{"rendered":"https:\/\/new-era-colorado-action-prod.local\/guia-del-votante\/us-house-of-representatives-district-3\/"},"modified":"2025-03-10T19:42:43","modified_gmt":"2025-03-10T19:42:43","slug":"us-house-of-representatives-district-3","status":"publish","type":"page","link":"https:\/\/neweracoloradoaction.org\/es\/guia-del-votante\/us-house-of-representatives-district-3\/","title":{"rendered":"C\u00e1mara De Representantes De Los Estados Unidos | Distrito 3 Del Congreso"},"content":{"rendered":"\n<div class=\"wp-block-group alignfull candidates has-background-color has-custom-eggplant-background-color has-text-color has-background has-link-color wp-elements-9c66c9b63fadb9cca468651a30e3c43f is-layout-constrained wp-container-core-group-is-layout-4df87b1a wp-block-group-is-layout-constrained\">\n<div class=\"wp-block-columns alignwide are-vertically-aligned-center is-not-stacked-on-mobile is-layout-flex wp-container-core-columns-is-layout-f0342b05 wp-block-columns-is-layout-flex\" style=\"margin-top:0;margin-bottom:0\">\n<div class=\"wp-block-column is-vertically-aligned-center is-layout-flow wp-block-column-is-layout-flow\">\n<div class=\"wp-block-group is-content-justification-left is-nowrap is-layout-flex wp-container-core-group-is-layout-adac0f54 wp-block-group-is-layout-flex\">\n<p class=\"has-text-align-right\" style=\"font-size:1.13rem;font-style:normal;font-weight:700;text-transform:uppercase\"><a href=\"https:\/\/neweracoloradoaction.org\/es\/guia-del-votante\/#\">Candidatos<\/a><a href=\"https:\/\/neweracoloradoaction.org\/es\/guia-del-votante\/us-house-of-representatives-district-3\/\"><\/a><\/p>\n\n\n\n<div class=\"wp-block-outermost-icon-block\"><div class=\"icon-container has-icon-color has-background-color\" style=\"color:#ffffff;width:48px\"><svg xmlns=\"http:\/\/www.w3.org\/2000\/svg\" viewBox=\"0 0 24 24\" aria-hidden=\"true\"><path d=\"m14.5 6.5-1 1 3.7 3.7H4v1.6h13.2l-3.7 3.7 1 1 5.6-5.5z\"><\/path><\/svg><\/div><\/div>\n<\/div>\n<\/div>\n\n\n\n<div class=\"wp-block-column is-vertically-aligned-center is-layout-flow wp-block-column-is-layout-flow\">\n<div class=\"wp-block-group is-nowrap is-layout-flex wp-container-core-group-is-layout-6c531013 wp-block-group-is-layout-flex\">\n<figure class=\"wp-block-image size-large is-resized is-style-rounded\"><img loading=\"lazy\" decoding=\"async\" width=\"1024\" height=\"915\" src=\"https:\/\/neweracoloradoaction.org\/wp-content\/uploads\/2024\/09\/Adam-Frisch_CD3-1024x915.png\" alt=\"\" class=\"wp-image-1625\" style=\"aspect-ratio:1;object-fit:cover;width:120px\" srcset=\"https:\/\/neweracoloradoaction.org\/wp-content\/uploads\/2024\/09\/Adam-Frisch_CD3-1024x915.png 1024w, https:\/\/neweracoloradoaction.org\/wp-content\/uploads\/2024\/09\/Adam-Frisch_CD3-300x268.png 300w, https:\/\/neweracoloradoaction.org\/wp-content\/uploads\/2024\/09\/Adam-Frisch_CD3-768x686.png 768w, https:\/\/neweracoloradoaction.org\/wp-content\/uploads\/2024\/09\/Adam-Frisch_CD3.png 1206w\" sizes=\"auto, (max-width: 1024px) 100vw, 1024px\" \/><\/figure>\n\n\n\n<h2 class=\"wp-block-heading has-text-align-center\" style=\"font-size:2.7rem\"><a href=\"https:\/\/adamforcolorado.com\/\">Adam Frisch<\/a><\/h2>\n<\/div>\n<\/div>\n\n\n\n<div class=\"wp-block-column is-vertically-aligned-center is-layout-flow wp-block-column-is-layout-flow\">\n<div class=\"wp-block-group is-nowrap is-layout-flex wp-container-core-group-is-layout-6c531013 wp-block-group-is-layout-flex\">\n<figure class=\"wp-block-image size-large is-resized is-style-rounded\"><img loading=\"lazy\" decoding=\"async\" width=\"1024\" height=\"683\" src=\"https:\/\/neweracoloradoaction.org\/wp-content\/uploads\/2024\/09\/Jeff-Hurd-from-Colorado_Facebook-1024x683.jpg\" alt=\"\" class=\"wp-image-1621\" style=\"aspect-ratio:1;object-fit:cover;width:120px\" srcset=\"https:\/\/neweracoloradoaction.org\/wp-content\/uploads\/2024\/09\/Jeff-Hurd-from-Colorado_Facebook-1024x683.jpg 1024w, https:\/\/neweracoloradoaction.org\/wp-content\/uploads\/2024\/09\/Jeff-Hurd-from-Colorado_Facebook-300x200.jpg 300w, https:\/\/neweracoloradoaction.org\/wp-content\/uploads\/2024\/09\/Jeff-Hurd-from-Colorado_Facebook-768x512.jpg 768w, https:\/\/neweracoloradoaction.org\/wp-content\/uploads\/2024\/09\/Jeff-Hurd-from-Colorado_Facebook-1536x1024.jpg 1536w, https:\/\/neweracoloradoaction.org\/wp-content\/uploads\/2024\/09\/Jeff-Hurd-from-Colorado_Facebook.jpg 2048w\" sizes=\"auto, (max-width: 1024px) 100vw, 1024px\" \/><\/figure>\n\n\n\n<h2 class=\"wp-block-heading has-text-align-center\" style=\"font-size:2.7rem\"><a href=\"https:\/\/jeffhurdforcolorado.com\/\">Jeff Hurd<\/a><\/h2>\n<\/div>\n<\/div>\n<\/div>\n<\/div>\n\n\n\n<div class=\"wp-block-group alignfull is-style-candidate-comparison has-primary-color has-custom-tangerine-background-color has-text-color has-background has-link-color wp-elements-47dcd5b87f5ae57d49035ad68de54441 is-layout-constrained wp-container-core-group-is-layout-2fd77da4 wp-block-group-is-layout-constrained\" style=\"margin-top:0;margin-bottom:0\">\n<div class=\"wp-block-columns alignwide is-layout-flex wp-container-core-columns-is-layout-f0342b05 wp-block-columns-is-layout-flex\" style=\"margin-top:0;margin-bottom:0\">\n<div class=\"wp-block-column is-layout-flow wp-block-column-is-layout-flow\">\n<div class=\"wp-block-group is-vertical is-layout-flex wp-container-core-group-is-layout-fe9cc265 wp-block-group-is-layout-flex\">\n<h3 class=\"wp-block-heading\">El Aborto<\/h3>\n<\/div>\n<\/div>\n\n\n\n<div class=\"wp-block-column is-layout-flow wp-block-column-is-layout-flow\">\n<div class=\"wp-block-outermost-icon-block items-justified-center\"><div class=\"icon-container has-icon-color has-icon-background-color has-background-background-color has-custom-moss-color\" style=\"background-color:#ffffff;color:#588211;width:120px;border-radius:50%\"><svg xmlns=\"http:\/\/www.w3.org\/2000\/svg\" viewBox=\"0 0 24 24\" aria-label=\"yes\" aria-hidden=\"true\"><path d=\"M16.7 7.1l-6.3 8.5-3.3-2.5-.9 1.2 4.5 3.4L17.9 8z\"><\/path><\/svg><\/div><\/div>\n\n\n\n<p><strong>Adam Frisch:<\/strong> Adam Frisch <a href=\"https:\/\/coloradosun.com\/2024\/07\/16\/adam-frisch-abortion-jeff-hurd-colorado-2024-election\/\">apoya<\/a> el derecho al aborto, aboga por la protecci\u00f3n de los derechos reproductivos a nivel federal y, de ser elegido, trabajar\u00eda para codificar y restaurar las protecciones establecidas en <strong>Roe v. Wade<\/strong>.<\/p>\n<\/div>\n\n\n\n<div class=\"wp-block-column is-layout-flow wp-block-column-is-layout-flow\">\n<div class=\"wp-block-outermost-icon-block items-justified-center\"><div class=\"icon-container has-icon-color has-icon-background-color has-background-background-color\" style=\"background-color:#ffffff;color:#ff0000;width:120px;border-radius:50%\"><svg xmlns=\"http:\/\/www.w3.org\/2000\/svg\" viewBox=\"0 0 24 24\" aria-label=\"no\" aria-hidden=\"true\"><path d=\"M12 13.06l3.712 3.713 1.061-1.06L13.061 12l3.712-3.712-1.06-1.06L12 10.938 8.288 7.227l-1.061 1.06L10.939 12l-3.712 3.712 1.06 1.061L12 13.061z\"><\/path><\/svg><\/div><\/div>\n\n\n\n<p><strong>Jeff Hurd:<\/strong> Jeff Hurd apoy\u00f3 la <a href=\"https:\/\/www.durangoherald.com\/articles\/gop-candidates-for-cd-3-describe-priorities-if-elected-to-u-s-house\/\">anulaci\u00f3n<\/a> de <strong>Roe v. Wade<\/strong> y contin\u00faa respaldando restricciones al acceso al aborto a nivel estatal.<\/p>\n<\/div>\n<\/div>\n<\/div>\n\n\n\n<div class=\"wp-block-group alignfull is-style-candidate-comparison has-background is-layout-constrained wp-container-core-group-is-layout-2fd77da4 wp-block-group-is-layout-constrained\" style=\"background-color:#ff7b00a3;margin-top:0;margin-bottom:0\">\n<div class=\"wp-block-columns alignwide is-layout-flex wp-container-core-columns-is-layout-f0342b05 wp-block-columns-is-layout-flex\" style=\"margin-top:0;margin-bottom:0\">\n<div class=\"wp-block-column is-layout-flow wp-block-column-is-layout-flow\">\n<div class=\"wp-block-group is-vertical is-layout-flex wp-container-core-group-is-layout-fe9cc265 wp-block-group-is-layout-flex\">\n<h3 class=\"wp-block-heading\">El Medioambiente<\/h3>\n<\/div>\n<\/div>\n\n\n\n<div class=\"wp-block-column is-layout-flow wp-block-column-is-layout-flow\">\n<div class=\"wp-block-outermost-icon-block items-justified-center\"><div class=\"icon-container has-icon-color has-icon-background-color has-background-background-color has-custom-moss-color\" style=\"background-color:#ffffff;color:#588211;width:120px;border-radius:50%\"><svg xmlns=\"http:\/\/www.w3.org\/2000\/svg\" viewBox=\"0 0 24 24\" aria-hidden=\"true\"><path d=\"M16.7 7.1l-6.3 8.5-3.3-2.5-.9 1.2 4.5 3.4L17.9 8z\"><\/path><\/svg><\/div><\/div>\n\n\n\n<p><strong>Adam Frisch:<\/strong> Un proponente de un enfoque equilibrado. Adam Frisch apoya \u201cla transici\u00f3n hacia fuentes de energ\u00eda limpias y renovables, y trabajar\u00e1 para proporcionar a aquellos que viven en comunidades de gas y carb\u00f3n lo que necesitan para prosperar.\u201d Promueve el uso de pol\u00edticas de energ\u00eda sostenible para combatir el cambio clim\u00e1tico, pero tambi\u00e9n resalta la necesidad de garantizar que las transiciones no da\u00f1en a los empleados de las industrias energ\u00e9ticas convencionales.<\/p>\n<\/div>\n\n\n\n<div class=\"wp-block-column is-layout-flow wp-block-column-is-layout-flow\">\n<div class=\"wp-block-outermost-icon-block items-justified-center\"><div class=\"icon-container has-icon-color has-icon-background-color has-background-background-color\" style=\"background-color:#ffffff;color:#ff0000;width:120px;border-radius:50%\"><svg xmlns=\"http:\/\/www.w3.org\/2000\/svg\" viewBox=\"0 0 24 24\" aria-label=\"no\" aria-hidden=\"true\"><path d=\"M12 13.06l3.712 3.713 1.061-1.06L13.061 12l3.712-3.712-1.06-1.06L12 10.938 8.288 7.227l-1.061 1.06L10.939 12l-3.712 3.712 1.06 1.061L12 13.061z\"><\/path><\/svg><\/div><\/div>\n\n\n\n<p><strong>Jeff Hurd:<\/strong> Jeff Hurd <a href=\"https:\/\/coloradosun.com\/2024\/06\/04\/republican-candidates-colorado-3rd-congressional-district-issues\/\">se opone abiertamente<\/a> a la Agencia de Protecci\u00f3n Ambiental y a la necesidad de seguir las medidas de seguridad y salud p\u00fablicas.<\/p>\n\n\n\n<p>En 2017, Hurd lider\u00f3 la <a href=\"https:\/\/www.gjsentinel.com\/news\/western_colorado\/governor-coffman-at-odds-on-oil-gas-appeal\/article_2c33cff3-3a00-5af0-b05d-e289f3bccbe6.html\">oposici\u00f3n<\/a> a un reglamento de la Corte Suprema de Colorado que exig\u00eda que la Comisi\u00f3n de Petr\u00f3leo y Gas de Colorado protegiera la salud, seguridad y bienestar p\u00fablico al considerar el desarrollo de petr\u00f3leo y gas.<br>Hurd tambi\u00e9n est\u00e1 interesado en aumentar la producci\u00f3n de <a href=\"https:\/\/coloradosun.com\/2024\/06\/04\/republican-candidates-colorado-3rd-congressional-district-issues\/\">combustibles f\u00f3siles<\/a> en tierras p\u00fablicas.<\/p>\n<\/div>\n<\/div>\n<\/div>\n\n\n\n<div class=\"wp-block-group alignfull is-style-candidate-comparison has-custom-tangerine-background-color has-background is-layout-constrained wp-container-core-group-is-layout-2fd77da4 wp-block-group-is-layout-constrained\" style=\"margin-top:0;margin-bottom:0\">\n<div class=\"wp-block-columns alignwide are-vertically-aligned-center is-layout-flex wp-container-core-columns-is-layout-f0342b05 wp-block-columns-is-layout-flex\" style=\"margin-top:0;margin-bottom:0\">\n<div class=\"wp-block-column is-vertically-aligned-center is-layout-flow wp-block-column-is-layout-flow\">\n<div class=\"wp-block-group is-nowrap is-layout-flex wp-container-core-group-is-layout-6c531013 wp-block-group-is-layout-flex\">\n<h3 class=\"wp-block-heading\">Defensores<\/h3>\n<\/div>\n<\/div>\n\n\n\n<div class=\"wp-block-column is-vertically-aligned-center is-layout-flow wp-block-column-is-layout-flow\">\n<p><strong>Adam Frisch:<\/strong> <a href=\"https:\/\/www.plannedparenthoodaction.org\/endorsements\">Planned Parenthood<\/a> <\/p>\n<\/div>\n\n\n\n<div class=\"wp-block-column is-vertically-aligned-center is-layout-flow wp-block-column-is-layout-flow\">\n<p><strong>Jeff Hurd:<\/strong> No se mencionan organizaciones<\/p>\n<\/div>\n<\/div>\n<\/div>\n","protected":false},"excerpt":{"rendered":"<p>Candidatos Adam Frisch Jeff Hurd El Aborto Adam Frisch: Adam Frisch apoya el derecho al aborto, aboga por la protecci\u00f3n de los derechos reproductivos a nivel federal y, de ser elegido, trabajar\u00eda para codificar y restaurar las protecciones establecidas en Roe v. Wade. Jeff Hurd: Jeff Hurd apoy\u00f3 la anulaci\u00f3n de Roe v. Wade y [&hellip;]<\/p>\n","protected":false},"author":1,"featured_media":0,"parent":1170,"menu_order":0,"comment_status":"closed","ping_status":"closed","template":"wp-custom-template-voter-guide-template","meta":{"footnotes":""},"class_list":["post-1629","page","type-page","status-publish","hentry"],"yoast_head":"<!-- This site is optimized with the Yoast SEO plugin v27.2 - https:\/\/yoast.com\/product\/yoast-seo-wordpress\/ -->\n<title>C\u00e1mara De Representantes De Los Estados Unidos | Distrito 3 Del Congreso - New Era Colorado<\/title>\n<meta name=\"robots\" content=\"noindex, follow\" \/>\n<meta property=\"og:locale\" content=\"es_ES\" \/>\n<meta property=\"og:type\" content=\"article\" \/>\n<meta property=\"og:title\" content=\"C\u00e1mara De Representantes De Los Estados Unidos | Distrito 3 Del Congreso - New Era Colorado\" \/>\n<meta property=\"og:description\" content=\"Candidatos Adam Frisch Jeff Hurd El Aborto Adam Frisch: Adam Frisch apoya el derecho al aborto, aboga por la protecci\u00f3n de los derechos reproductivos a nivel federal y, de ser elegido, trabajar\u00eda para codificar y restaurar las protecciones establecidas en Roe v. Wade. Jeff Hurd: Jeff Hurd apoy\u00f3 la anulaci\u00f3n de Roe v. Wade y [&hellip;]\" \/>\n<meta property=\"og:url\" content=\"https:\/\/neweracoloradoaction.org\/es\/guia-del-votante\/us-house-of-representatives-district-3\/\" \/>\n<meta property=\"og:site_name\" content=\"New Era Colorado\" \/>\n<meta property=\"article:modified_time\" content=\"2025-03-10T19:42:43+00:00\" \/>\n<meta property=\"og:image\" content=\"https:\/\/neweracoloradoaction.org\/wp-content\/uploads\/2024\/09\/Adam-Frisch_CD3-1024x915.png\" \/>\n<meta name=\"twitter:card\" content=\"summary_large_image\" \/>\n<meta name=\"twitter:label1\" content=\"Tiempo de lectura\" \/>\n\t<meta name=\"twitter:data1\" content=\"2 minutos\" \/>\n<script type=\"application\/ld+json\" class=\"yoast-schema-graph\">{\"@context\":\"https:\/\/schema.org\",\"@graph\":[{\"@type\":\"WebPage\",\"@id\":\"https:\/\/neweracoloradoaction.org\/es\/guia-del-votante\/us-house-of-representatives-district-3\/\",\"url\":\"https:\/\/neweracoloradoaction.org\/es\/guia-del-votante\/us-house-of-representatives-district-3\/\",\"name\":\"C\u00e1mara De Representantes De Los Estados Unidos | Distrito 3 Del Congreso - New Era Colorado\",\"isPartOf\":{\"@id\":\"https:\/\/neweracoloradoaction.org\/#website\"},\"primaryImageOfPage\":{\"@id\":\"https:\/\/neweracoloradoaction.org\/es\/guia-del-votante\/us-house-of-representatives-district-3\/#primaryimage\"},\"image\":{\"@id\":\"https:\/\/neweracoloradoaction.org\/es\/guia-del-votante\/us-house-of-representatives-district-3\/#primaryimage\"},\"thumbnailUrl\":\"https:\/\/neweracoloradoaction.org\/wp-content\/uploads\/2024\/09\/Adam-Frisch_CD3-1024x915.png\",\"datePublished\":\"2024-09-05T15:43:02+00:00\",\"dateModified\":\"2025-03-10T19:42:43+00:00\",\"breadcrumb\":{\"@id\":\"https:\/\/neweracoloradoaction.org\/es\/guia-del-votante\/us-house-of-representatives-district-3\/#breadcrumb\"},\"inLanguage\":\"es\",\"potentialAction\":[{\"@type\":\"ReadAction\",\"target\":[\"https:\/\/neweracoloradoaction.org\/es\/guia-del-votante\/us-house-of-representatives-district-3\/\"]}]},{\"@type\":\"ImageObject\",\"inLanguage\":\"es\",\"@id\":\"https:\/\/neweracoloradoaction.org\/es\/guia-del-votante\/us-house-of-representatives-district-3\/#primaryimage\",\"url\":\"https:\/\/neweracoloradoaction.org\/wp-content\/uploads\/2024\/09\/Adam-Frisch_CD3-1024x915.png\",\"contentUrl\":\"https:\/\/neweracoloradoaction.org\/wp-content\/uploads\/2024\/09\/Adam-Frisch_CD3-1024x915.png\"},{\"@type\":\"BreadcrumbList\",\"@id\":\"https:\/\/neweracoloradoaction.org\/es\/guia-del-votante\/us-house-of-representatives-district-3\/#breadcrumb\",\"itemListElement\":[{\"@type\":\"ListItem\",\"position\":1,\"name\":\"Home\",\"item\":\"https:\/\/neweracoloradoaction.org\/\"},{\"@type\":\"ListItem\",\"position\":2,\"name\":\"Gu\u00eda del Votante\",\"item\":\"https:\/\/neweracoloradoaction.org\/es\/guia-del-votante\/\"},{\"@type\":\"ListItem\",\"position\":3,\"name\":\"C\u00e1mara De Representantes De Los Estados Unidos | Distrito 3 Del Congreso\"}]},{\"@type\":\"WebSite\",\"@id\":\"https:\/\/neweracoloradoaction.org\/#website\",\"url\":\"https:\/\/neweracoloradoaction.org\/\",\"name\":\"New Era Colorado\",\"description\":\"Building power for our generation\",\"publisher\":{\"@id\":\"https:\/\/neweracoloradoaction.org\/#organization\"},\"potentialAction\":[{\"@type\":\"SearchAction\",\"target\":{\"@type\":\"EntryPoint\",\"urlTemplate\":\"https:\/\/neweracoloradoaction.org\/?s={search_term_string}\"},\"query-input\":{\"@type\":\"PropertyValueSpecification\",\"valueRequired\":true,\"valueName\":\"search_term_string\"}}],\"inLanguage\":\"es\"},{\"@type\":\"Organization\",\"@id\":\"https:\/\/neweracoloradoaction.org\/#organization\",\"name\":\"New Era Colorado\",\"url\":\"https:\/\/neweracoloradoaction.org\/\",\"logo\":{\"@type\":\"ImageObject\",\"inLanguage\":\"es\",\"@id\":\"https:\/\/neweracoloradoaction.org\/#\/schema\/logo\/image\/\",\"url\":\"https:\/\/neweracoloradoaction.org\/wp-content\/uploads\/2024\/01\/NEC_Logo_ActionFund_Horizontal_Color.png\",\"contentUrl\":\"https:\/\/neweracoloradoaction.org\/wp-content\/uploads\/2024\/01\/NEC_Logo_ActionFund_Horizontal_Color.png\",\"width\":1421,\"height\":672,\"caption\":\"New Era Colorado\"},\"image\":{\"@id\":\"https:\/\/neweracoloradoaction.org\/#\/schema\/logo\/image\/\"}}]}<\/script>\n<!-- \/ Yoast SEO plugin. -->","yoast_head_json":{"title":"C\u00e1mara De Representantes De Los Estados Unidos | Distrito 3 Del Congreso - New Era Colorado","robots":{"index":"noindex","follow":"follow"},"og_locale":"es_ES","og_type":"article","og_title":"C\u00e1mara De Representantes De Los Estados Unidos | Distrito 3 Del Congreso - New Era Colorado","og_description":"Candidatos Adam Frisch Jeff Hurd El Aborto Adam Frisch: Adam Frisch apoya el derecho al aborto, aboga por la protecci\u00f3n de los derechos reproductivos a nivel federal y, de ser elegido, trabajar\u00eda para codificar y restaurar las protecciones establecidas en Roe v. Wade. Jeff Hurd: Jeff Hurd apoy\u00f3 la anulaci\u00f3n de Roe v. Wade y [&hellip;]","og_url":"https:\/\/neweracoloradoaction.org\/es\/guia-del-votante\/us-house-of-representatives-district-3\/","og_site_name":"New Era Colorado","article_modified_time":"2025-03-10T19:42:43+00:00","og_image":[{"url":"https:\/\/neweracoloradoaction.org\/wp-content\/uploads\/2024\/09\/Adam-Frisch_CD3-1024x915.png","type":"","width":"","height":""}],"twitter_card":"summary_large_image","twitter_misc":{"Tiempo de lectura":"2 minutos"},"schema":{"@context":"https:\/\/schema.org","@graph":[{"@type":"WebPage","@id":"https:\/\/neweracoloradoaction.org\/es\/guia-del-votante\/us-house-of-representatives-district-3\/","url":"https:\/\/neweracoloradoaction.org\/es\/guia-del-votante\/us-house-of-representatives-district-3\/","name":"C\u00e1mara De Representantes De Los Estados Unidos | Distrito 3 Del Congreso - New Era Colorado","isPartOf":{"@id":"https:\/\/neweracoloradoaction.org\/#website"},"primaryImageOfPage":{"@id":"https:\/\/neweracoloradoaction.org\/es\/guia-del-votante\/us-house-of-representatives-district-3\/#primaryimage"},"image":{"@id":"https:\/\/neweracoloradoaction.org\/es\/guia-del-votante\/us-house-of-representatives-district-3\/#primaryimage"},"thumbnailUrl":"https:\/\/neweracoloradoaction.org\/wp-content\/uploads\/2024\/09\/Adam-Frisch_CD3-1024x915.png","datePublished":"2024-09-05T15:43:02+00:00","dateModified":"2025-03-10T19:42:43+00:00","breadcrumb":{"@id":"https:\/\/neweracoloradoaction.org\/es\/guia-del-votante\/us-house-of-representatives-district-3\/#breadcrumb"},"inLanguage":"es","potentialAction":[{"@type":"ReadAction","target":["https:\/\/neweracoloradoaction.org\/es\/guia-del-votante\/us-house-of-representatives-district-3\/"]}]},{"@type":"ImageObject","inLanguage":"es","@id":"https:\/\/neweracoloradoaction.org\/es\/guia-del-votante\/us-house-of-representatives-district-3\/#primaryimage","url":"https:\/\/neweracoloradoaction.org\/wp-content\/uploads\/2024\/09\/Adam-Frisch_CD3-1024x915.png","contentUrl":"https:\/\/neweracoloradoaction.org\/wp-content\/uploads\/2024\/09\/Adam-Frisch_CD3-1024x915.png"},{"@type":"BreadcrumbList","@id":"https:\/\/neweracoloradoaction.org\/es\/guia-del-votante\/us-house-of-representatives-district-3\/#breadcrumb","itemListElement":[{"@type":"ListItem","position":1,"name":"Home","item":"https:\/\/neweracoloradoaction.org\/"},{"@type":"ListItem","position":2,"name":"Gu\u00eda del Votante","item":"https:\/\/neweracoloradoaction.org\/es\/guia-del-votante\/"},{"@type":"ListItem","position":3,"name":"C\u00e1mara De Representantes De Los Estados Unidos | Distrito 3 Del Congreso"}]},{"@type":"WebSite","@id":"https:\/\/neweracoloradoaction.org\/#website","url":"https:\/\/neweracoloradoaction.org\/","name":"New Era Colorado","description":"Building power for our generation","publisher":{"@id":"https:\/\/neweracoloradoaction.org\/#organization"},"potentialAction":[{"@type":"SearchAction","target":{"@type":"EntryPoint","urlTemplate":"https:\/\/neweracoloradoaction.org\/?s={search_term_string}"},"query-input":{"@type":"PropertyValueSpecification","valueRequired":true,"valueName":"search_term_string"}}],"inLanguage":"es"},{"@type":"Organization","@id":"https:\/\/neweracoloradoaction.org\/#organization","name":"New Era Colorado","url":"https:\/\/neweracoloradoaction.org\/","logo":{"@type":"ImageObject","inLanguage":"es","@id":"https:\/\/neweracoloradoaction.org\/#\/schema\/logo\/image\/","url":"https:\/\/neweracoloradoaction.org\/wp-content\/uploads\/2024\/01\/NEC_Logo_ActionFund_Horizontal_Color.png","contentUrl":"https:\/\/neweracoloradoaction.org\/wp-content\/uploads\/2024\/01\/NEC_Logo_ActionFund_Horizontal_Color.png","width":1421,"height":672,"caption":"New Era Colorado"},"image":{"@id":"https:\/\/neweracoloradoaction.org\/#\/schema\/logo\/image\/"}}]}},"_links":{"self":[{"href":"https:\/\/neweracoloradoaction.org\/es\/wp-json\/wp\/v2\/pages\/1629","targetHints":{"allow":["GET"]}}],"collection":[{"href":"https:\/\/neweracoloradoaction.org\/es\/wp-json\/wp\/v2\/pages"}],"about":[{"href":"https:\/\/neweracoloradoaction.org\/es\/wp-json\/wp\/v2\/types\/page"}],"author":[{"embeddable":true,"href":"https:\/\/neweracoloradoaction.org\/es\/wp-json\/wp\/v2\/users\/1"}],"replies":[{"embeddable":true,"href":"https:\/\/neweracoloradoaction.org\/es\/wp-json\/wp\/v2\/comments?post=1629"}],"version-history":[{"count":0,"href":"https:\/\/neweracoloradoaction.org\/es\/wp-json\/wp\/v2\/pages\/1629\/revisions"}],"up":[{"embeddable":true,"href":"https:\/\/neweracoloradoaction.org\/es\/wp-json\/wp\/v2\/pages\/1170"}],"wp:attachment":[{"href":"https:\/\/neweracoloradoaction.org\/es\/wp-json\/wp\/v2\/media?parent=1629"}],"curies":[{"name":"wp","href":"https:\/\/api.w.org\/{rel}","templated":true}]}}