{"id":1650,"date":"2024-09-24T12:55:28","date_gmt":"2024-09-24T12:55:28","guid":{"rendered":"https:\/\/new-era-colorado-action-prod.local\/guia-del-votante\/endorsements\/"},"modified":"2025-03-10T19:43:19","modified_gmt":"2025-03-10T19:43:19","slug":"endorsements","status":"publish","type":"page","link":"https:\/\/neweracoloradoaction.org\/es\/guia-del-votante\/endorsements\/","title":{"rendered":"Candidates Aprobades"},"content":{"rendered":"\n<div class=\"wp-block-group alignfull no-overflow has-background-color has-custom-moss-background-color has-text-color has-background has-link-color wp-elements-c3f7679c622e1e36861ba510cba6fa3c is-layout-constrained wp-container-core-group-is-layout-49d472b6 wp-block-group-is-layout-constrained\" style=\"margin-top:0;padding-top:0;padding-bottom:0\">\n<div class=\"wp-block-columns is-layout-flex wp-container-core-columns-is-layout-cd6a0e38 wp-block-columns-is-layout-flex\" style=\"padding-bottom:0\">\n<div class=\"wp-block-column is-vertically-aligned-center is-layout-flow wp-block-column-is-layout-flow\" style=\"padding-right:var(--wp--preset--spacing--80);flex-basis:33.33%\">\n<figure class=\"wp-block-image aligncenter size-large\"><img loading=\"lazy\" decoding=\"async\" width=\"819\" height=\"1024\" src=\"https:\/\/neweracoloradoaction.org\/wp-content\/uploads\/2024\/09\/youth-agenda-champions-819x1024.png\" alt=\"Youth Agenda Champion: New Era Colorado AF\" class=\"wp-image-1634\" srcset=\"https:\/\/neweracoloradoaction.org\/wp-content\/uploads\/2024\/09\/youth-agenda-champions-819x1024.png 819w, https:\/\/neweracoloradoaction.org\/wp-content\/uploads\/2024\/09\/youth-agenda-champions-240x300.png 240w, https:\/\/neweracoloradoaction.org\/wp-content\/uploads\/2024\/09\/youth-agenda-champions-768x960.png 768w, https:\/\/neweracoloradoaction.org\/wp-content\/uploads\/2024\/09\/youth-agenda-champions-1229x1536.png 1229w, https:\/\/neweracoloradoaction.org\/wp-content\/uploads\/2024\/09\/youth-agenda-champions-1638x2048.png 1638w\" sizes=\"auto, (max-width: 819px) 100vw, 819px\" \/><\/figure>\n<\/div>\n\n\n\n<div class=\"wp-block-column bubble-neighbor is-layout-flow wp-block-column-is-layout-flow\" style=\"padding-top:var(--wp--preset--spacing--80);padding-bottom:var(--wp--preset--spacing--80);flex-basis:66.66%\">\n<h2 class=\"wp-block-heading\"><strong>En esta elecci\u00f3n general, New Era Colorado Action Fund est\u00e1 respaldando a dos l\u00edderes que campeonan la agenda juvenil: La Representante Stephanie Vigil (para la c\u00e1mara de representantes en el distrito 16) y a Katie Stewart (para la c\u00e1mara de representantes en el distrito 59).<\/strong><br><\/h2>\n<\/div>\n<\/div>\n\n\n\n<p><\/p>\n<\/div>\n\n\n\n<div class=\"wp-block-group alignfull has-custom-bubblegum-background-color has-background is-layout-constrained wp-container-core-group-is-layout-a644a7ae wp-block-group-is-layout-constrained\" style=\"margin-top:0;margin-bottom:0;padding-top:var(--wp--preset--spacing--80);padding-bottom:var(--wp--preset--spacing--80)\">\n<p class=\"has-large-font-size\">Ya sabemos que una de las mejores maneras de convertir los objetivos de <a href=\"https:\/\/neweracoloradoaction.org\/youthagenda\/\">la Agenda Juvenil<\/a> en una realidad es elegir a l\u00edderes de la comunidad que realmente crean en y luchen por nuestros intereses en el cargo p\u00fablico. Las candidatas que hemos aprobado han cumplido con nuestras expectativas altas y nos han impresionado con sus calificaciones casi perfectas en nuestro cuestionario y con su compromiso a los asuntos que m\u00e1s le importa a la juventud y a las prioridades de <a href=\"https:\/\/neweracoloradoaction.org\/youthagenda\/\">la Agenda Juvenil<\/a>. Hemos sido intencionalmente selectivos en nuestra selecci\u00f3n de candidatos para respaldar en esta elecci\u00f3n porque solo queremos apoyar a verdaderos campeones que:<br><\/p>\n\n\n\n<ol class=\"wp-block-list has-large-font-size\">\n<li>Puedan ganar,<\/li>\n\n\n\n<li>que trabajen junto a New Era para asegurarse de que podamos realizar las pol\u00edticas de la Agenda Juvenil,<\/li>\n\n\n\n<li>y que necesiten nuestra ayuda para tener \u00e9xito.<\/li>\n<\/ol>\n<\/div>\n\n\n\n<div class=\"wp-block-group alignfull has-background is-layout-constrained wp-container-core-group-is-layout-9a4c55c5 wp-block-group-is-layout-constrained\" style=\"background:linear-gradient(90deg,rgb(255,121,0) 48%,rgb(255,171,114) 48%);margin-top:0;margin-bottom:0;padding-top:0;padding-bottom:0\">\n<div class=\"wp-block-columns is-layout-flex wp-container-core-columns-is-layout-28f84493 wp-block-columns-is-layout-flex\">\n<div class=\"wp-block-column has-custom-tangerine-background-color has-background is-layout-flow wp-block-column-is-layout-flow\" style=\"padding-right:var(--wp--preset--spacing--40);padding-bottom:var(--wp--preset--spacing--80);padding-left:var(--wp--preset--spacing--40);flex-basis:50%\">\n<figure class=\"wp-block-image size-large is-style-rounded champion-photo\"><img loading=\"lazy\" decoding=\"async\" width=\"1024\" height=\"1022\" src=\"https:\/\/neweracoloradoaction.org\/wp-content\/uploads\/2024\/09\/stephanie-vigil-1024x1022.png\" alt=\"Representative Stephanie Vigil\" class=\"wp-image-1637\" srcset=\"https:\/\/neweracoloradoaction.org\/wp-content\/uploads\/2024\/09\/stephanie-vigil-1024x1022.png 1024w, https:\/\/neweracoloradoaction.org\/wp-content\/uploads\/2024\/09\/stephanie-vigil-300x300.png 300w, https:\/\/neweracoloradoaction.org\/wp-content\/uploads\/2024\/09\/stephanie-vigil-150x150.png 150w, https:\/\/neweracoloradoaction.org\/wp-content\/uploads\/2024\/09\/stephanie-vigil-768x767.png 768w, https:\/\/neweracoloradoaction.org\/wp-content\/uploads\/2024\/09\/stephanie-vigil.png 1042w\" sizes=\"auto, (max-width: 1024px) 100vw, 1024px\" \/><\/figure>\n\n\n\n<figure class=\"wp-block-image aligncenter size-large is-resized champion-badge\"><img loading=\"lazy\" decoding=\"async\" width=\"819\" height=\"1024\" src=\"https:\/\/neweracoloradoaction.org\/wp-content\/uploads\/2024\/09\/YouthAgendaChampionEndorsement-NoIcons-PinkYellow-819x1024.png\" alt=\"\" class=\"wp-image-1642\" style=\"width:363px\" srcset=\"https:\/\/neweracoloradoaction.org\/wp-content\/uploads\/2024\/09\/YouthAgendaChampionEndorsement-NoIcons-PinkYellow-819x1024.png 819w, https:\/\/neweracoloradoaction.org\/wp-content\/uploads\/2024\/09\/YouthAgendaChampionEndorsement-NoIcons-PinkYellow-240x300.png 240w, https:\/\/neweracoloradoaction.org\/wp-content\/uploads\/2024\/09\/YouthAgendaChampionEndorsement-NoIcons-PinkYellow-768x960.png 768w, https:\/\/neweracoloradoaction.org\/wp-content\/uploads\/2024\/09\/YouthAgendaChampionEndorsement-NoIcons-PinkYellow-1229x1536.png 1229w, https:\/\/neweracoloradoaction.org\/wp-content\/uploads\/2024\/09\/YouthAgendaChampionEndorsement-NoIcons-PinkYellow-1638x2048.png 1638w\" sizes=\"auto, (max-width: 819px) 100vw, 819px\" \/><\/figure>\n\n\n\n<h2 class=\"wp-block-heading has-text-align-center\" id=\"stephanie-vigil\">Representante Stephanie Vigil <\/h2>\n\n\n\n<h3 class=\"wp-block-heading has-text-align-center is-style-default has-large-font-size\">La C\u00e1mara de Representantes en el Distrito 16 <\/h3>\n\n\n\n<p>La representante Stephanie Vigil (ella\/elle) cree que cada uno merece que el gobierno apoye sus intereses y garantice que lo b\u00e1sico para una vida pr\u00f3spera sea accesible para todos. Su experiencia como sobreviviente de trauma infantil, luchas con su salud mental y discapacidad le ha preparado para crear pol\u00edticas enfocadas en las personas y en lograr la libertad para todos.<\/p>\n<\/div>\n\n\n\n<div class=\"wp-block-column has-background is-layout-flow wp-block-column-is-layout-flow\" style=\"background-color:#ffab72;padding-right:var(--wp--preset--spacing--40);padding-bottom:var(--wp--preset--spacing--80);padding-left:var(--wp--preset--spacing--40);flex-basis:50%\">\n<figure class=\"wp-block-image size-large is-style-rounded champion-photo\"><img loading=\"lazy\" decoding=\"async\" width=\"1022\" height=\"1024\" src=\"https:\/\/neweracoloradoaction.org\/wp-content\/uploads\/2024\/09\/katie-stewart-1022x1024.png\" alt=\"Katie Stewart\" class=\"wp-image-1639\" srcset=\"https:\/\/neweracoloradoaction.org\/wp-content\/uploads\/2024\/09\/katie-stewart-1022x1024.png 1022w, https:\/\/neweracoloradoaction.org\/wp-content\/uploads\/2024\/09\/katie-stewart-300x300.png 300w, https:\/\/neweracoloradoaction.org\/wp-content\/uploads\/2024\/09\/katie-stewart-150x150.png 150w, https:\/\/neweracoloradoaction.org\/wp-content\/uploads\/2024\/09\/katie-stewart-768x770.png 768w, https:\/\/neweracoloradoaction.org\/wp-content\/uploads\/2024\/09\/katie-stewart.png 1500w\" sizes=\"auto, (max-width: 1022px) 100vw, 1022px\" \/><\/figure>\n\n\n\n<figure class=\"wp-block-image aligncenter size-large is-resized champion-badge\"><img loading=\"lazy\" decoding=\"async\" width=\"819\" height=\"1024\" src=\"https:\/\/neweracoloradoaction.org\/wp-content\/uploads\/2024\/09\/YouthAgendaChampionEndorsement-NoIcons-PinkYellow-819x1024.png\" alt=\"\" class=\"wp-image-1642\" style=\"width:363px\" srcset=\"https:\/\/neweracoloradoaction.org\/wp-content\/uploads\/2024\/09\/YouthAgendaChampionEndorsement-NoIcons-PinkYellow-819x1024.png 819w, https:\/\/neweracoloradoaction.org\/wp-content\/uploads\/2024\/09\/YouthAgendaChampionEndorsement-NoIcons-PinkYellow-240x300.png 240w, https:\/\/neweracoloradoaction.org\/wp-content\/uploads\/2024\/09\/YouthAgendaChampionEndorsement-NoIcons-PinkYellow-768x960.png 768w, https:\/\/neweracoloradoaction.org\/wp-content\/uploads\/2024\/09\/YouthAgendaChampionEndorsement-NoIcons-PinkYellow-1229x1536.png 1229w, https:\/\/neweracoloradoaction.org\/wp-content\/uploads\/2024\/09\/YouthAgendaChampionEndorsement-NoIcons-PinkYellow-1638x2048.png 1638w\" sizes=\"auto, (max-width: 819px) 100vw, 819px\" \/><\/figure>\n\n\n\n<h2 class=\"wp-block-heading has-text-align-center\" id=\"katie\"><strong>Katie Stewart <\/strong><\/h2>\n\n\n\n<h3 class=\"wp-block-heading has-text-align-center is-style-default has-large-font-size\">La C\u00e1mara de Representantes en el Distrito 59<\/h3>\n\n\n\n<p>Katie Stewart (ella) es una activista incansable para la gente del suroeste de Colorado. Est\u00e1 comprometida en colaborar con la Tribu Ute Mountain Ute y la Tribu Southern Ute para crear relaciones sostenibles que beneficien a las comunidades nativas en el suroeste de Colorado, expandir el acceso a la atenci\u00f3n m\u00e9dica para las comunidades rurales y mejorar el costo de vivienda.<br><\/p>\n<\/div>\n<\/div>\n<\/div>\n\n\n\n<div class=\"wp-block-group alignfull no-bg-mobile has-background is-layout-constrained wp-container-core-group-is-layout-9a4c55c5 wp-block-group-is-layout-constrained\" style=\"background:linear-gradient(90deg,rgb(255,171,114) 46%,rgb(255,121,0) 48%);margin-top:0;margin-bottom:0;padding-top:0;padding-bottom:0\">\n<div class=\"wp-block-columns is-layout-flex wp-container-core-columns-is-layout-28f84493 wp-block-columns-is-layout-flex\">\n<div class=\"wp-block-column has-background is-layout-flow wp-block-column-is-layout-flow\" style=\"background-color:#ffab72;padding-right:var(--wp--preset--spacing--40);padding-bottom:var(--wp--preset--spacing--80);padding-left:var(--wp--preset--spacing--40);flex-basis:50%\">\n<figure class=\"wp-block-image size-full is-style-rounded champion-photo\"><img loading=\"lazy\" decoding=\"async\" width=\"596\" height=\"599\" src=\"https:\/\/neweracoloradoaction.org\/wp-content\/uploads\/2024\/09\/yara-zokaie.png\" alt=\"Yara Zokaie\" class=\"wp-image-1656\" srcset=\"https:\/\/neweracoloradoaction.org\/wp-content\/uploads\/2024\/09\/yara-zokaie.png 596w, https:\/\/neweracoloradoaction.org\/wp-content\/uploads\/2024\/09\/yara-zokaie-298x300.png 298w, https:\/\/neweracoloradoaction.org\/wp-content\/uploads\/2024\/09\/yara-zokaie-150x150.png 150w\" sizes=\"auto, (max-width: 596px) 100vw, 596px\" \/><\/figure>\n\n\n\n<figure class=\"wp-block-image aligncenter size-large is-resized champion-badge\"><img loading=\"lazy\" decoding=\"async\" width=\"819\" height=\"1024\" src=\"https:\/\/neweracoloradoaction.org\/wp-content\/uploads\/2024\/09\/YouthAgendaChampionEndorsement-NoIcons-PinkYellow-819x1024.png\" alt=\"\" class=\"wp-image-1642\" style=\"width:363px\" srcset=\"https:\/\/neweracoloradoaction.org\/wp-content\/uploads\/2024\/09\/YouthAgendaChampionEndorsement-NoIcons-PinkYellow-819x1024.png 819w, https:\/\/neweracoloradoaction.org\/wp-content\/uploads\/2024\/09\/YouthAgendaChampionEndorsement-NoIcons-PinkYellow-240x300.png 240w, https:\/\/neweracoloradoaction.org\/wp-content\/uploads\/2024\/09\/YouthAgendaChampionEndorsement-NoIcons-PinkYellow-768x960.png 768w, https:\/\/neweracoloradoaction.org\/wp-content\/uploads\/2024\/09\/YouthAgendaChampionEndorsement-NoIcons-PinkYellow-1229x1536.png 1229w, https:\/\/neweracoloradoaction.org\/wp-content\/uploads\/2024\/09\/YouthAgendaChampionEndorsement-NoIcons-PinkYellow-1638x2048.png 1638w\" sizes=\"auto, (max-width: 819px) 100vw, 819px\" \/><\/figure>\n\n\n\n<h2 class=\"wp-block-heading has-text-align-center\" id=\"katie\">Yara Zokaie<\/h2>\n\n\n\n<h3 class=\"wp-block-heading has-text-align-center is-style-default has-large-font-size\">La C\u00e1mara de Representantes en el Distrito 52<\/h3>\n\n\n\n<p>Yara (ella) cree que es hora de que la gente elija a alguien que los represente, y no a los intereses corporativos. La experiencia de Yara como abogada de impuestos y su creencia de que las corporaciones deben pagar lo que deben ayudar\u00e1n a financiar las demandas de pol\u00edticas para un futuro m\u00e1s inclusivo, equitativo y antirracista.<\/p>\n<\/div>\n\n\n\n<div class=\"wp-block-column no-bg-mobile has-custom-tangerine-background-color has-background is-layout-flow wp-block-column-is-layout-flow\" style=\"padding-right:var(--wp--preset--spacing--40);padding-bottom:var(--wp--preset--spacing--80);padding-left:var(--wp--preset--spacing--40);flex-basis:50%\"><\/div>\n<\/div>\n<\/div>\n\n\n\n<div class=\"wp-block-buttons alignfull has-custom-font-size has-x-large-font-size is-layout-flex wp-block-buttons-is-layout-flex\" style=\"margin-top:0;margin-bottom:0\">\n<div class=\"wp-block-button has-custom-width wp-block-button__width-100\"><a class=\"wp-block-button__link has-background-color has-custom-eggplant-background-color has-text-color has-background has-link-color wp-element-button\" href=\"https:\/\/neweracoloradoaction.org\/es\/guia-del-votante\/endorsements\/previous-endorsements\/\" style=\"border-style:none;border-width:0px;border-radius:0px\">Candidates Aprobades Pasados<\/a><\/div>\n<\/div>\n","protected":false},"excerpt":{"rendered":"<p>En esta elecci\u00f3n general, New Era Colorado Action Fund est\u00e1 respaldando a dos l\u00edderes que campeonan la agenda juvenil: La Representante Stephanie Vigil (para la c\u00e1mara de representantes en el [&hellip;]<\/p>\n","protected":false},"author":1,"featured_media":0,"parent":1170,"menu_order":0,"comment_status":"closed","ping_status":"closed","template":"wp-custom-template-voter-guide-template","meta":{"_price":"","_stock":"","_tribe_ticket_header":"","_tribe_default_ticket_provider":"","_tribe_ticket_capacity":"0","_ticket_start_date":"","_ticket_end_date":"","_tribe_ticket_show_description":"","_tribe_ticket_show_not_going":false,"_tribe_ticket_use_global_stock":"","_tribe_ticket_global_stock_level":"","_global_stock_mode":"","_global_stock_cap":"","_tribe_rsvp_for_event":"","_tribe_ticket_going_count":"","_tribe_ticket_not_going_count":"","_tribe_tickets_list":"[]","_tribe_ticket_has_attendee_info_fields":false,"_EventAllDay":false,"_EventTimezone":"","_EventStartDate":"","_EventEndDate":"","_EventStartDateUTC":"","_EventEndDateUTC":"","_EventShowMap":false,"_EventShowMapLink":false,"_EventURL":"","_EventCost":"","_EventCostDescription":"","_EventCurrencySymbol":"","_EventCurrencyCode":"","_EventCurrencyPosition":"","_EventDateTimeSeparator":"","_EventTimeRangeSeparator":"","_EventOrganizerID":[],"_EventVenueID":[],"_OrganizerEmail":"","_OrganizerPhone":"","_OrganizerWebsite":"","_VenueAddress":"","_VenueCity":"","_VenueCountry":"","_VenueProvince":"","_VenueState":"","_VenueZip":"","_VenuePhone":"","_VenueURL":"","_VenueStateProvince":"","_VenueLat":"","_VenueLng":"","_VenueShowMap":false,"_VenueShowMapLink":false,"footnotes":"","_tec_slr_enabled":"","_tec_slr_layout":""},"class_list":["post-1650","page","type-page","status-publish","hentry"],"yoast_head":"<!-- This site is optimized with the Yoast SEO plugin v27.5 - https:\/\/yoast.com\/product\/yoast-seo-wordpress\/ -->\n<title>Candidates Aprobades - New Era Colorado<\/title>\n<meta name=\"robots\" content=\"noindex, follow\" \/>\n<meta property=\"og:locale\" content=\"es_ES\" \/>\n<meta property=\"og:type\" content=\"article\" \/>\n<meta property=\"og:title\" content=\"Candidates Aprobades - New Era Colorado\" \/>\n<meta property=\"og:description\" content=\"En esta elecci\u00f3n general, New Era Colorado Action Fund est\u00e1 respaldando a dos l\u00edderes que campeonan la agenda juvenil: La Representante Stephanie Vigil (para la c\u00e1mara de representantes en el [&hellip;]\" \/>\n<meta property=\"og:url\" content=\"https:\/\/neweracoloradoaction.org\/es\/guia-del-votante\/endorsements\/\" \/>\n<meta property=\"og:site_name\" content=\"New Era Colorado\" \/>\n<meta property=\"article:modified_time\" content=\"2025-03-10T19:43:19+00:00\" \/>\n<meta property=\"og:image\" content=\"https:\/\/neweracoloradoaction.org\/wp-content\/uploads\/2024\/09\/youth-agenda-champions-819x1024.png\" \/>\n<meta name=\"twitter:card\" content=\"summary_large_image\" \/>\n<meta name=\"twitter:label1\" content=\"Tiempo de lectura\" \/>\n\t<meta name=\"twitter:data1\" content=\"4 minutos\" \/>\n<script type=\"application\/ld+json\" class=\"yoast-schema-graph\">{\"@context\":\"https:\\\/\\\/schema.org\",\"@graph\":[{\"@type\":\"WebPage\",\"@id\":\"https:\\\/\\\/neweracoloradoaction.org\\\/es\\\/guia-del-votante\\\/endorsements\\\/\",\"url\":\"https:\\\/\\\/neweracoloradoaction.org\\\/es\\\/guia-del-votante\\\/endorsements\\\/\",\"name\":\"Candidates Aprobades - New Era Colorado\",\"isPartOf\":{\"@id\":\"https:\\\/\\\/neweracoloradoaction.org\\\/#website\"},\"primaryImageOfPage\":{\"@id\":\"https:\\\/\\\/neweracoloradoaction.org\\\/es\\\/guia-del-votante\\\/endorsements\\\/#primaryimage\"},\"image\":{\"@id\":\"https:\\\/\\\/neweracoloradoaction.org\\\/es\\\/guia-del-votante\\\/endorsements\\\/#primaryimage\"},\"thumbnailUrl\":\"https:\\\/\\\/neweracoloradoaction.org\\\/wp-content\\\/uploads\\\/2024\\\/09\\\/youth-agenda-champions-819x1024.png\",\"datePublished\":\"2024-09-24T12:55:28+00:00\",\"dateModified\":\"2025-03-10T19:43:19+00:00\",\"breadcrumb\":{\"@id\":\"https:\\\/\\\/neweracoloradoaction.org\\\/es\\\/guia-del-votante\\\/endorsements\\\/#breadcrumb\"},\"inLanguage\":\"es\",\"potentialAction\":[{\"@type\":\"ReadAction\",\"target\":[\"https:\\\/\\\/neweracoloradoaction.org\\\/es\\\/guia-del-votante\\\/endorsements\\\/\"]}]},{\"@type\":\"ImageObject\",\"inLanguage\":\"es\",\"@id\":\"https:\\\/\\\/neweracoloradoaction.org\\\/es\\\/guia-del-votante\\\/endorsements\\\/#primaryimage\",\"url\":\"https:\\\/\\\/neweracoloradoaction.org\\\/wp-content\\\/uploads\\\/2024\\\/09\\\/youth-agenda-champions-819x1024.png\",\"contentUrl\":\"https:\\\/\\\/neweracoloradoaction.org\\\/wp-content\\\/uploads\\\/2024\\\/09\\\/youth-agenda-champions-819x1024.png\"},{\"@type\":\"BreadcrumbList\",\"@id\":\"https:\\\/\\\/neweracoloradoaction.org\\\/es\\\/guia-del-votante\\\/endorsements\\\/#breadcrumb\",\"itemListElement\":[{\"@type\":\"ListItem\",\"position\":1,\"name\":\"Home\",\"item\":\"https:\\\/\\\/neweracoloradoaction.org\\\/\"},{\"@type\":\"ListItem\",\"position\":2,\"name\":\"Gu\u00eda del Votante\",\"item\":\"https:\\\/\\\/neweracoloradoaction.org\\\/es\\\/guia-del-votante\\\/\"},{\"@type\":\"ListItem\",\"position\":3,\"name\":\"Candidates Aprobades\"}]},{\"@type\":\"WebSite\",\"@id\":\"https:\\\/\\\/neweracoloradoaction.org\\\/#website\",\"url\":\"https:\\\/\\\/neweracoloradoaction.org\\\/\",\"name\":\"New Era Colorado\",\"description\":\"Building power for our generation\",\"publisher\":{\"@id\":\"https:\\\/\\\/neweracoloradoaction.org\\\/#organization\"},\"potentialAction\":[{\"@type\":\"SearchAction\",\"target\":{\"@type\":\"EntryPoint\",\"urlTemplate\":\"https:\\\/\\\/neweracoloradoaction.org\\\/?s={search_term_string}\"},\"query-input\":{\"@type\":\"PropertyValueSpecification\",\"valueRequired\":true,\"valueName\":\"search_term_string\"}}],\"inLanguage\":\"es\"},{\"@type\":\"Organization\",\"@id\":\"https:\\\/\\\/neweracoloradoaction.org\\\/#organization\",\"name\":\"New Era Colorado\",\"url\":\"https:\\\/\\\/neweracoloradoaction.org\\\/\",\"logo\":{\"@type\":\"ImageObject\",\"inLanguage\":\"es\",\"@id\":\"https:\\\/\\\/neweracoloradoaction.org\\\/#\\\/schema\\\/logo\\\/image\\\/\",\"url\":\"https:\\\/\\\/neweracoloradoaction.org\\\/wp-content\\\/uploads\\\/2024\\\/01\\\/NEC_Logo_ActionFund_Horizontal_Color.png\",\"contentUrl\":\"https:\\\/\\\/neweracoloradoaction.org\\\/wp-content\\\/uploads\\\/2024\\\/01\\\/NEC_Logo_ActionFund_Horizontal_Color.png\",\"width\":1421,\"height\":672,\"caption\":\"New Era Colorado\"},\"image\":{\"@id\":\"https:\\\/\\\/neweracoloradoaction.org\\\/#\\\/schema\\\/logo\\\/image\\\/\"}}]}<\/script>\n<!-- \/ Yoast SEO plugin. -->","yoast_head_json":{"title":"Candidates Aprobades - New Era Colorado","robots":{"index":"noindex","follow":"follow"},"og_locale":"es_ES","og_type":"article","og_title":"Candidates Aprobades - New Era Colorado","og_description":"En esta elecci\u00f3n general, New Era Colorado Action Fund est\u00e1 respaldando a dos l\u00edderes que campeonan la agenda juvenil: La Representante Stephanie Vigil (para la c\u00e1mara de representantes en el [&hellip;]","og_url":"https:\/\/neweracoloradoaction.org\/es\/guia-del-votante\/endorsements\/","og_site_name":"New Era Colorado","article_modified_time":"2025-03-10T19:43:19+00:00","og_image":[{"url":"https:\/\/neweracoloradoaction.org\/wp-content\/uploads\/2024\/09\/youth-agenda-champions-819x1024.png","type":"","width":"","height":""}],"twitter_card":"summary_large_image","twitter_misc":{"Tiempo de lectura":"4 minutos"},"schema":{"@context":"https:\/\/schema.org","@graph":[{"@type":"WebPage","@id":"https:\/\/neweracoloradoaction.org\/es\/guia-del-votante\/endorsements\/","url":"https:\/\/neweracoloradoaction.org\/es\/guia-del-votante\/endorsements\/","name":"Candidates Aprobades - New Era Colorado","isPartOf":{"@id":"https:\/\/neweracoloradoaction.org\/#website"},"primaryImageOfPage":{"@id":"https:\/\/neweracoloradoaction.org\/es\/guia-del-votante\/endorsements\/#primaryimage"},"image":{"@id":"https:\/\/neweracoloradoaction.org\/es\/guia-del-votante\/endorsements\/#primaryimage"},"thumbnailUrl":"https:\/\/neweracoloradoaction.org\/wp-content\/uploads\/2024\/09\/youth-agenda-champions-819x1024.png","datePublished":"2024-09-24T12:55:28+00:00","dateModified":"2025-03-10T19:43:19+00:00","breadcrumb":{"@id":"https:\/\/neweracoloradoaction.org\/es\/guia-del-votante\/endorsements\/#breadcrumb"},"inLanguage":"es","potentialAction":[{"@type":"ReadAction","target":["https:\/\/neweracoloradoaction.org\/es\/guia-del-votante\/endorsements\/"]}]},{"@type":"ImageObject","inLanguage":"es","@id":"https:\/\/neweracoloradoaction.org\/es\/guia-del-votante\/endorsements\/#primaryimage","url":"https:\/\/neweracoloradoaction.org\/wp-content\/uploads\/2024\/09\/youth-agenda-champions-819x1024.png","contentUrl":"https:\/\/neweracoloradoaction.org\/wp-content\/uploads\/2024\/09\/youth-agenda-champions-819x1024.png"},{"@type":"BreadcrumbList","@id":"https:\/\/neweracoloradoaction.org\/es\/guia-del-votante\/endorsements\/#breadcrumb","itemListElement":[{"@type":"ListItem","position":1,"name":"Home","item":"https:\/\/neweracoloradoaction.org\/"},{"@type":"ListItem","position":2,"name":"Gu\u00eda del Votante","item":"https:\/\/neweracoloradoaction.org\/es\/guia-del-votante\/"},{"@type":"ListItem","position":3,"name":"Candidates Aprobades"}]},{"@type":"WebSite","@id":"https:\/\/neweracoloradoaction.org\/#website","url":"https:\/\/neweracoloradoaction.org\/","name":"New Era Colorado","description":"Building power for our generation","publisher":{"@id":"https:\/\/neweracoloradoaction.org\/#organization"},"potentialAction":[{"@type":"SearchAction","target":{"@type":"EntryPoint","urlTemplate":"https:\/\/neweracoloradoaction.org\/?s={search_term_string}"},"query-input":{"@type":"PropertyValueSpecification","valueRequired":true,"valueName":"search_term_string"}}],"inLanguage":"es"},{"@type":"Organization","@id":"https:\/\/neweracoloradoaction.org\/#organization","name":"New Era Colorado","url":"https:\/\/neweracoloradoaction.org\/","logo":{"@type":"ImageObject","inLanguage":"es","@id":"https:\/\/neweracoloradoaction.org\/#\/schema\/logo\/image\/","url":"https:\/\/neweracoloradoaction.org\/wp-content\/uploads\/2024\/01\/NEC_Logo_ActionFund_Horizontal_Color.png","contentUrl":"https:\/\/neweracoloradoaction.org\/wp-content\/uploads\/2024\/01\/NEC_Logo_ActionFund_Horizontal_Color.png","width":1421,"height":672,"caption":"New Era Colorado"},"image":{"@id":"https:\/\/neweracoloradoaction.org\/#\/schema\/logo\/image\/"}}]}},"ticketed":false,"_links":{"self":[{"href":"https:\/\/neweracoloradoaction.org\/es\/wp-json\/wp\/v2\/pages\/1650","targetHints":{"allow":["GET"]}}],"collection":[{"href":"https:\/\/neweracoloradoaction.org\/es\/wp-json\/wp\/v2\/pages"}],"about":[{"href":"https:\/\/neweracoloradoaction.org\/es\/wp-json\/wp\/v2\/types\/page"}],"author":[{"embeddable":true,"href":"https:\/\/neweracoloradoaction.org\/es\/wp-json\/wp\/v2\/users\/1"}],"replies":[{"embeddable":true,"href":"https:\/\/neweracoloradoaction.org\/es\/wp-json\/wp\/v2\/comments?post=1650"}],"version-history":[{"count":0,"href":"https:\/\/neweracoloradoaction.org\/es\/wp-json\/wp\/v2\/pages\/1650\/revisions"}],"up":[{"embeddable":true,"href":"https:\/\/neweracoloradoaction.org\/es\/wp-json\/wp\/v2\/pages\/1170"}],"wp:attachment":[{"href":"https:\/\/neweracoloradoaction.org\/es\/wp-json\/wp\/v2\/media?parent=1650"}],"curies":[{"name":"wp","href":"https:\/\/api.w.org\/{rel}","templated":true}]}}