{"id":1679,"date":"2024-09-24T15:18:24","date_gmt":"2024-09-24T15:18:24","guid":{"rendered":"https:\/\/new-era-colorado-action-prod.local\/guia-del-votante\/denver-2024-local-ballot-measures\/"},"modified":"2025-03-10T19:45:06","modified_gmt":"2025-03-10T19:45:06","slug":"denver-2024-local-ballot-measures","status":"publish","type":"page","link":"https:\/\/neweracoloradoaction.org\/es\/guia-del-votante\/denver-2024-local-ballot-measures\/","title":{"rendered":"Denver: Medidas De Votaci\u00f3n Locales\u00a02024"},"content":{"rendered":"\n<div class=\"wp-block-group alignfull has-primary-color has-custom-tangerine-background-color has-text-color has-background has-link-color wp-elements-1685127738a120bdeb7d900107082e98 is-layout-constrained wp-container-core-group-is-layout-2fd77da4 wp-block-group-is-layout-constrained\" style=\"margin-top:0;margin-bottom:0\">\n<div class=\"wp-block-columns alignwide is-layout-flex wp-container-core-columns-is-layout-f0342b05 wp-block-columns-is-layout-flex\" style=\"margin-top:0;margin-bottom:0\">\n<div class=\"wp-block-column is-layout-flow wp-block-column-is-layout-flow\" style=\"flex-basis:33%\">\n<div class=\"wp-block-group is-vertical is-layout-flex wp-container-core-group-is-layout-fe9cc265 wp-block-group-is-layout-flex\">\n<h2 class=\"wp-block-heading\">Pregunta Referida 2U: Negociaci\u00f3n Colectiva<\/h2>\n<\/div>\n\n\n\n<div class=\"wp-block-outermost-icon-block items-justified-center\"><div class=\"icon-container has-icon-color has-icon-background-color has-background-background-color has-custom-moss-color\" style=\"background-color:#ffffff;color:#588211;width:120px;border-radius:50%\"><svg xmlns=\"http:\/\/www.w3.org\/2000\/svg\" viewBox=\"0 0 24 24\" aria-label=\"yes\" aria-hidden=\"true\"><path d=\"M16.7 7.1l-6.3 8.5-3.3-2.5-.9 1.2 4.5 3.4L17.9 8z\"><\/path><\/svg><\/div><\/div>\n<\/div>\n\n\n\n<div class=\"wp-block-column is-layout-flow wp-block-column-is-layout-flow\" style=\"flex-basis:66%\">\n<h3 class=\"wp-block-heading\">\u00bfQu\u00e9 hace la Pregunta Referida 2U?<\/h3>\n\n\n\n<p>Esta enmienda a la carta decidir\u00e1 si los trabajadores de la ciudad de Denver, como los guardaparques y los trabajadores de servicios humanos, pueden sindicalizarse.<\/p>\n\n\n\n<h3 class=\"wp-block-heading\">\u00bfPor qu\u00e9 estamos votando <strong>A FAVOR<\/strong>?<\/h3>\n\n\n\n<p>Con esta medida, los trabajadores de la ciudad tendr\u00edan la capacidad de abogar por un salario justo y condiciones laborales m\u00e1s adecuadas a trav\u00e9s de la sindicalizaci\u00f3n. Esto le dar\u00eda a 11,000 trabajadores la capacidad para enfrentar juntos los problemas laborales y les permitir\u00eda abogar mejor por s\u00ed mismos y por el p\u00fablico al que sirven.<\/p>\n\n\n\n<h3 class=\"wp-block-heading\">\u00bfQui\u00e9n m\u00e1s est\u00e1 <strong>A FAVOR<\/strong>?<\/h3>\n\n\n\n<ul class=\"wp-block-list\">\n<li>Colorado AFL-CIO<\/li>\n\n\n\n<li>Colorado Working Families Party&nbsp;<\/li>\n\n\n\n<li>Service Employees International Union (SEIU)<\/li>\n<\/ul>\n<\/div>\n<\/div>\n<\/div>\n\n\n\n<div class=\"wp-block-group alignfull has-primary-color has-custom-bubblegum-background-color has-text-color has-background has-link-color wp-elements-549ef31c49ffcffcc1d366daedacb200 is-layout-constrained wp-container-core-group-is-layout-2fd77da4 wp-block-group-is-layout-constrained\" style=\"margin-top:0;margin-bottom:0\">\n<div class=\"wp-block-columns alignwide is-layout-flex wp-container-core-columns-is-layout-f0342b05 wp-block-columns-is-layout-flex\" style=\"margin-top:0;margin-bottom:0\">\n<div class=\"wp-block-column is-layout-flow wp-block-column-is-layout-flow\" style=\"flex-basis:33%\">\n<div class=\"wp-block-group is-vertical is-layout-flex wp-container-core-group-is-layout-fe9cc265 wp-block-group-is-layout-flex\">\n<h2 class=\"wp-block-heading\">Pregunta Referida 2S: Departamento de Derechos Humanos<\/h2>\n\n\n\n<p><\/p>\n<\/div>\n\n\n\n<div class=\"wp-block-outermost-icon-block items-justified-center\"><div class=\"icon-container has-icon-color has-icon-background-color has-background-background-color has-custom-moss-color\" style=\"background-color:#ffffff;color:#588211;width:120px;border-radius:50%\"><svg xmlns=\"http:\/\/www.w3.org\/2000\/svg\" viewBox=\"0 0 24 24\" aria-label=\"yes\" aria-hidden=\"true\"><path d=\"M16.7 7.1l-6.3 8.5-3.3-2.5-.9 1.2 4.5 3.4L17.9 8z\"><\/path><\/svg><\/div><\/div>\n<\/div>\n\n\n\n<div class=\"wp-block-column is-layout-flow wp-block-column-is-layout-flow\" style=\"flex-basis:66%\">\n<h3 class=\"wp-block-heading\">\u00bfQu\u00e9 hace la Pregunta Referida 2S?<\/h3>\n\n\n\n<p>Crear\u00e1 un nuevo departamento de la ciudad para temas de derechos humanos y colaboraciones con la comunidad, con todo y recursos financieros y la autoridad para promover el bienestar de las personas que son negras, morenas, ind\u00edgenas, LGBTQIA+, que viven con discapacidades y otros grupos hist\u00f3ricamente marginados.<\/p>\n\n\n\n<h3 class=\"wp-block-heading\">\u00bfPor qu\u00e9 estamos votando A FAVOR?<\/h3>\n\n\n\n<p>La creaci\u00f3n de este departamento se\u00f1alar\u00eda que Denver est\u00e1 comprometido a la justicia racial y los problemas de derechos humanos. Los l\u00edderes j\u00f3venes y organizaciones comunitarias podr\u00e1n trabajar directamente con la ciudad en temas como la justicia econ\u00f3mica, el cambio clim\u00e1tico, los derechos de los inmigrantes, acceso a la vivienda y otros temas de la Agenda Juvenil.<\/p>\n<\/div>\n<\/div>\n<\/div>\n\n\n\n<div class=\"wp-block-group alignfull has-secondary-background-color has-background is-layout-constrained wp-container-core-group-is-layout-3c85a187 wp-block-group-is-layout-constrained\" style=\"margin-top:0;margin-bottom:0;padding-top:var(--wp--preset--spacing--70);padding-right:0;padding-bottom:var(--wp--preset--spacing--70);padding-left:0\">\n<div class=\"wp-block-buttons is-content-justification-center is-layout-flex wp-container-core-buttons-is-layout-a89b3969 wp-block-buttons-is-layout-flex\">\n<div class=\"wp-block-button\"><a class=\"wp-block-button__link wp-element-button\" href=\"https:\/\/neweracoloradoaction.org\/es\/guia-del-votante\/statewide-ballot-measures\/\">Medidas de Votaci\u00f3n a Nivel Estatal<\/a><\/div>\n\n\n\n<div class=\"wp-block-button\"><a class=\"wp-block-button__link wp-element-button\" href=\"https:\/\/neweracoloradoaction.org\/es\/guia-del-votante\/boulder-2024-local-ballot-measures\/\">Boulder: Medidas De Votaci\u00f3n Locales 2024<\/a><\/div>\n<\/div>\n<\/div>\n\n\n\n<p><\/p>\n","protected":false},"excerpt":{"rendered":"<p>Pregunta Referida 2U: Negociaci\u00f3n Colectiva \u00bfQu\u00e9 hace la Pregunta Referida 2U? Esta enmienda a la carta decidir\u00e1 si los trabajadores de la ciudad de Denver, como los guardaparques y los trabajadores de servicios humanos, pueden sindicalizarse. \u00bfPor qu\u00e9 estamos votando A FAVOR? Con esta medida, los trabajadores de la ciudad tendr\u00edan la capacidad de abogar [&hellip;]<\/p>\n","protected":false},"author":2,"featured_media":0,"parent":1170,"menu_order":0,"comment_status":"closed","ping_status":"closed","template":"wp-custom-template-voter-guide-template","meta":{"footnotes":""},"class_list":["post-1679","page","type-page","status-publish","hentry"],"yoast_head":"<!-- This site is optimized with the Yoast SEO plugin v27.2 - https:\/\/yoast.com\/product\/yoast-seo-wordpress\/ -->\n<title>Denver: Medidas De Votaci\u00f3n Locales\u00a02024 - New Era Colorado<\/title>\n<meta name=\"robots\" content=\"noindex, follow\" \/>\n<meta property=\"og:locale\" content=\"es_ES\" \/>\n<meta property=\"og:type\" content=\"article\" \/>\n<meta property=\"og:title\" content=\"Denver: Medidas De Votaci\u00f3n Locales\u00a02024 - New Era Colorado\" \/>\n<meta property=\"og:description\" content=\"Pregunta Referida 2U: Negociaci\u00f3n Colectiva \u00bfQu\u00e9 hace la Pregunta Referida 2U? Esta enmienda a la carta decidir\u00e1 si los trabajadores de la ciudad de Denver, como los guardaparques y los trabajadores de servicios humanos, pueden sindicalizarse. \u00bfPor qu\u00e9 estamos votando A FAVOR? Con esta medida, los trabajadores de la ciudad tendr\u00edan la capacidad de abogar [&hellip;]\" \/>\n<meta property=\"og:url\" content=\"https:\/\/neweracoloradoaction.org\/es\/guia-del-votante\/denver-2024-local-ballot-measures\/\" \/>\n<meta property=\"og:site_name\" content=\"New Era Colorado\" \/>\n<meta property=\"article:modified_time\" content=\"2025-03-10T19:45:06+00:00\" \/>\n<meta name=\"twitter:card\" content=\"summary_large_image\" \/>\n<meta name=\"twitter:label1\" content=\"Tiempo de lectura\" \/>\n\t<meta name=\"twitter:data1\" content=\"2 minutos\" \/>\n<script type=\"application\/ld+json\" class=\"yoast-schema-graph\">{\"@context\":\"https:\/\/schema.org\",\"@graph\":[{\"@type\":\"WebPage\",\"@id\":\"https:\/\/neweracoloradoaction.org\/es\/guia-del-votante\/denver-2024-local-ballot-measures\/\",\"url\":\"https:\/\/neweracoloradoaction.org\/es\/guia-del-votante\/denver-2024-local-ballot-measures\/\",\"name\":\"Denver: Medidas De Votaci\u00f3n Locales\u00a02024 - New Era Colorado\",\"isPartOf\":{\"@id\":\"https:\/\/neweracoloradoaction.org\/#website\"},\"datePublished\":\"2024-09-24T15:18:24+00:00\",\"dateModified\":\"2025-03-10T19:45:06+00:00\",\"breadcrumb\":{\"@id\":\"https:\/\/neweracoloradoaction.org\/es\/guia-del-votante\/denver-2024-local-ballot-measures\/#breadcrumb\"},\"inLanguage\":\"es\",\"potentialAction\":[{\"@type\":\"ReadAction\",\"target\":[\"https:\/\/neweracoloradoaction.org\/es\/guia-del-votante\/denver-2024-local-ballot-measures\/\"]}]},{\"@type\":\"BreadcrumbList\",\"@id\":\"https:\/\/neweracoloradoaction.org\/es\/guia-del-votante\/denver-2024-local-ballot-measures\/#breadcrumb\",\"itemListElement\":[{\"@type\":\"ListItem\",\"position\":1,\"name\":\"Home\",\"item\":\"https:\/\/neweracoloradoaction.org\/\"},{\"@type\":\"ListItem\",\"position\":2,\"name\":\"Gu\u00eda del Votante\",\"item\":\"https:\/\/neweracoloradoaction.org\/es\/guia-del-votante\/\"},{\"@type\":\"ListItem\",\"position\":3,\"name\":\"Denver: Medidas De Votaci\u00f3n Locales\u00a02024\"}]},{\"@type\":\"WebSite\",\"@id\":\"https:\/\/neweracoloradoaction.org\/#website\",\"url\":\"https:\/\/neweracoloradoaction.org\/\",\"name\":\"New Era Colorado\",\"description\":\"Building power for our generation\",\"publisher\":{\"@id\":\"https:\/\/neweracoloradoaction.org\/#organization\"},\"potentialAction\":[{\"@type\":\"SearchAction\",\"target\":{\"@type\":\"EntryPoint\",\"urlTemplate\":\"https:\/\/neweracoloradoaction.org\/?s={search_term_string}\"},\"query-input\":{\"@type\":\"PropertyValueSpecification\",\"valueRequired\":true,\"valueName\":\"search_term_string\"}}],\"inLanguage\":\"es\"},{\"@type\":\"Organization\",\"@id\":\"https:\/\/neweracoloradoaction.org\/#organization\",\"name\":\"New Era Colorado\",\"url\":\"https:\/\/neweracoloradoaction.org\/\",\"logo\":{\"@type\":\"ImageObject\",\"inLanguage\":\"es\",\"@id\":\"https:\/\/neweracoloradoaction.org\/#\/schema\/logo\/image\/\",\"url\":\"https:\/\/neweracoloradoaction.org\/wp-content\/uploads\/2024\/01\/NEC_Logo_ActionFund_Horizontal_Color.png\",\"contentUrl\":\"https:\/\/neweracoloradoaction.org\/wp-content\/uploads\/2024\/01\/NEC_Logo_ActionFund_Horizontal_Color.png\",\"width\":1421,\"height\":672,\"caption\":\"New Era Colorado\"},\"image\":{\"@id\":\"https:\/\/neweracoloradoaction.org\/#\/schema\/logo\/image\/\"}}]}<\/script>\n<!-- \/ Yoast SEO plugin. -->","yoast_head_json":{"title":"Denver: Medidas De Votaci\u00f3n Locales\u00a02024 - New Era Colorado","robots":{"index":"noindex","follow":"follow"},"og_locale":"es_ES","og_type":"article","og_title":"Denver: Medidas De Votaci\u00f3n Locales\u00a02024 - New Era Colorado","og_description":"Pregunta Referida 2U: Negociaci\u00f3n Colectiva \u00bfQu\u00e9 hace la Pregunta Referida 2U? Esta enmienda a la carta decidir\u00e1 si los trabajadores de la ciudad de Denver, como los guardaparques y los trabajadores de servicios humanos, pueden sindicalizarse. \u00bfPor qu\u00e9 estamos votando A FAVOR? Con esta medida, los trabajadores de la ciudad tendr\u00edan la capacidad de abogar [&hellip;]","og_url":"https:\/\/neweracoloradoaction.org\/es\/guia-del-votante\/denver-2024-local-ballot-measures\/","og_site_name":"New Era Colorado","article_modified_time":"2025-03-10T19:45:06+00:00","twitter_card":"summary_large_image","twitter_misc":{"Tiempo de lectura":"2 minutos"},"schema":{"@context":"https:\/\/schema.org","@graph":[{"@type":"WebPage","@id":"https:\/\/neweracoloradoaction.org\/es\/guia-del-votante\/denver-2024-local-ballot-measures\/","url":"https:\/\/neweracoloradoaction.org\/es\/guia-del-votante\/denver-2024-local-ballot-measures\/","name":"Denver: Medidas De Votaci\u00f3n Locales\u00a02024 - New Era Colorado","isPartOf":{"@id":"https:\/\/neweracoloradoaction.org\/#website"},"datePublished":"2024-09-24T15:18:24+00:00","dateModified":"2025-03-10T19:45:06+00:00","breadcrumb":{"@id":"https:\/\/neweracoloradoaction.org\/es\/guia-del-votante\/denver-2024-local-ballot-measures\/#breadcrumb"},"inLanguage":"es","potentialAction":[{"@type":"ReadAction","target":["https:\/\/neweracoloradoaction.org\/es\/guia-del-votante\/denver-2024-local-ballot-measures\/"]}]},{"@type":"BreadcrumbList","@id":"https:\/\/neweracoloradoaction.org\/es\/guia-del-votante\/denver-2024-local-ballot-measures\/#breadcrumb","itemListElement":[{"@type":"ListItem","position":1,"name":"Home","item":"https:\/\/neweracoloradoaction.org\/"},{"@type":"ListItem","position":2,"name":"Gu\u00eda del Votante","item":"https:\/\/neweracoloradoaction.org\/es\/guia-del-votante\/"},{"@type":"ListItem","position":3,"name":"Denver: Medidas De Votaci\u00f3n Locales\u00a02024"}]},{"@type":"WebSite","@id":"https:\/\/neweracoloradoaction.org\/#website","url":"https:\/\/neweracoloradoaction.org\/","name":"New Era Colorado","description":"Building power for our generation","publisher":{"@id":"https:\/\/neweracoloradoaction.org\/#organization"},"potentialAction":[{"@type":"SearchAction","target":{"@type":"EntryPoint","urlTemplate":"https:\/\/neweracoloradoaction.org\/?s={search_term_string}"},"query-input":{"@type":"PropertyValueSpecification","valueRequired":true,"valueName":"search_term_string"}}],"inLanguage":"es"},{"@type":"Organization","@id":"https:\/\/neweracoloradoaction.org\/#organization","name":"New Era Colorado","url":"https:\/\/neweracoloradoaction.org\/","logo":{"@type":"ImageObject","inLanguage":"es","@id":"https:\/\/neweracoloradoaction.org\/#\/schema\/logo\/image\/","url":"https:\/\/neweracoloradoaction.org\/wp-content\/uploads\/2024\/01\/NEC_Logo_ActionFund_Horizontal_Color.png","contentUrl":"https:\/\/neweracoloradoaction.org\/wp-content\/uploads\/2024\/01\/NEC_Logo_ActionFund_Horizontal_Color.png","width":1421,"height":672,"caption":"New Era Colorado"},"image":{"@id":"https:\/\/neweracoloradoaction.org\/#\/schema\/logo\/image\/"}}]}},"_links":{"self":[{"href":"https:\/\/neweracoloradoaction.org\/es\/wp-json\/wp\/v2\/pages\/1679","targetHints":{"allow":["GET"]}}],"collection":[{"href":"https:\/\/neweracoloradoaction.org\/es\/wp-json\/wp\/v2\/pages"}],"about":[{"href":"https:\/\/neweracoloradoaction.org\/es\/wp-json\/wp\/v2\/types\/page"}],"author":[{"embeddable":true,"href":"https:\/\/neweracoloradoaction.org\/es\/wp-json\/wp\/v2\/users\/2"}],"replies":[{"embeddable":true,"href":"https:\/\/neweracoloradoaction.org\/es\/wp-json\/wp\/v2\/comments?post=1679"}],"version-history":[{"count":0,"href":"https:\/\/neweracoloradoaction.org\/es\/wp-json\/wp\/v2\/pages\/1679\/revisions"}],"up":[{"embeddable":true,"href":"https:\/\/neweracoloradoaction.org\/es\/wp-json\/wp\/v2\/pages\/1170"}],"wp:attachment":[{"href":"https:\/\/neweracoloradoaction.org\/es\/wp-json\/wp\/v2\/media?parent=1679"}],"curies":[{"name":"wp","href":"https:\/\/api.w.org\/{rel}","templated":true}]}}