{"id":1691,"date":"2024-09-24T14:04:13","date_gmt":"2024-09-24T14:04:13","guid":{"rendered":"https:\/\/new-era-colorado-action-prod.local\/guia-del-votante\/endorsements\/previous-endorsements\/"},"modified":"2025-03-10T19:43:34","modified_gmt":"2025-03-10T19:43:34","slug":"previous-endorsements","status":"publish","type":"page","link":"https:\/\/neweracoloradoaction.org\/es\/guia-del-votante\/endorsements\/previous-endorsements\/","title":{"rendered":"Candidates Aprobades Pasados"},"content":{"rendered":"\n<div class=\"wp-block-group alignfull no-overflow has-background-color has-custom-moss-background-color has-text-color has-background has-link-color wp-elements-9c38538b5524bd10452c58ef3e4500a5 is-layout-constrained wp-container-core-group-is-layout-49d472b6 wp-block-group-is-layout-constrained\" style=\"margin-top:0;padding-top:0;padding-bottom:0\">\n<div class=\"wp-block-columns is-layout-flex wp-container-core-columns-is-layout-cd6a0e38 wp-block-columns-is-layout-flex\" style=\"padding-bottom:0\">\n<div class=\"wp-block-column is-vertically-aligned-center is-layout-flow wp-block-column-is-layout-flow\" style=\"padding-right:var(--wp--preset--spacing--80);flex-basis:33.33%\">\n<figure class=\"wp-block-image aligncenter size-large\"><img loading=\"lazy\" decoding=\"async\" width=\"819\" height=\"1024\" src=\"https:\/\/neweracoloradoaction.org\/wp-content\/uploads\/2024\/09\/youth-agenda-champions-819x1024.png\" alt=\"Youth Agenda Champion: New Era Colorado AF\" class=\"wp-image-1634\" srcset=\"https:\/\/neweracoloradoaction.org\/wp-content\/uploads\/2024\/09\/youth-agenda-champions-819x1024.png 819w, https:\/\/neweracoloradoaction.org\/wp-content\/uploads\/2024\/09\/youth-agenda-champions-240x300.png 240w, https:\/\/neweracoloradoaction.org\/wp-content\/uploads\/2024\/09\/youth-agenda-champions-768x960.png 768w, https:\/\/neweracoloradoaction.org\/wp-content\/uploads\/2024\/09\/youth-agenda-champions-1229x1536.png 1229w, https:\/\/neweracoloradoaction.org\/wp-content\/uploads\/2024\/09\/youth-agenda-champions-1638x2048.png 1638w\" sizes=\"auto, (max-width: 819px) 100vw, 819px\" \/><\/figure>\n<\/div>\n\n\n\n<div class=\"wp-block-column bubble-neighbor is-layout-flow wp-block-column-is-layout-flow\" style=\"padding-top:var(--wp--preset--spacing--80);padding-bottom:var(--wp--preset--spacing--80);flex-basis:66.66%\">\n<h2 class=\"wp-block-heading\"><strong>\u00bfA qu\u00e9 candidatos le dio su aprobaci\u00f3n New Era Colorado?<\/strong><\/h2>\n\n\n\n<p>A pesar de la alta participaci\u00f3n juvenil en las \u00faltimas tres elecciones nacionales, no hemos visto un progreso sustancial en los temas que son importantes para ellos. Creemos que nuestro apoyo a nuestros Campeones de la Agenda Juvenil en las elecciones primarias y generales del 2024 resultar\u00e1 en una mayor posibilidad de que las pol\u00edticas de la Agenda Juvenil se conviertan en una realidad y que podamos crear un mundo en donde los j\u00f3venes quieran y puedan vivir. <strong>Para las elecciones primarias del 2024, New Era Colorado aprob\u00f3 a estos candidatos:<\/strong><\/p>\n<\/div>\n<\/div>\n\n\n\n<p><\/p>\n<\/div>\n\n\n\n<div class=\"wp-block-group alignfull has-background is-layout-constrained wp-container-core-group-is-layout-9a4c55c5 wp-block-group-is-layout-constrained\" style=\"background:linear-gradient(90deg,rgb(255,121,0) 48%,rgb(255,171,114) 48%);margin-top:0;margin-bottom:0;padding-top:0;padding-bottom:0\">\n<div class=\"wp-block-columns is-layout-flex wp-container-core-columns-is-layout-28f84493 wp-block-columns-is-layout-flex\">\n<div class=\"wp-block-column has-custom-tangerine-background-color has-background is-layout-flow wp-block-column-is-layout-flow\" style=\"padding-right:var(--wp--preset--spacing--40);padding-bottom:var(--wp--preset--spacing--80);padding-left:var(--wp--preset--spacing--40);flex-basis:50%\">\n<figure class=\"wp-block-image size-full is-style-rounded champion-photo\"><img loading=\"lazy\" decoding=\"async\" width=\"318\" height=\"318\" src=\"https:\/\/neweracoloradoaction.org\/wp-content\/uploads\/2024\/09\/tim-hernandez.png\" alt=\"Tim Hern\u00e1ndez\" class=\"wp-image-1658\" srcset=\"https:\/\/neweracoloradoaction.org\/wp-content\/uploads\/2024\/09\/tim-hernandez.png 318w, https:\/\/neweracoloradoaction.org\/wp-content\/uploads\/2024\/09\/tim-hernandez-300x300.png 300w, https:\/\/neweracoloradoaction.org\/wp-content\/uploads\/2024\/09\/tim-hernandez-150x150.png 150w\" sizes=\"auto, (max-width: 318px) 100vw, 318px\" \/><\/figure>\n\n\n\n<figure class=\"wp-block-image aligncenter size-large is-resized champion-badge\"><img loading=\"lazy\" decoding=\"async\" width=\"819\" height=\"1024\" src=\"https:\/\/neweracoloradoaction.org\/wp-content\/uploads\/2024\/09\/YouthAgendaChampionEndorsement-NoIcons-PinkYellow-819x1024.png\" alt=\"\" class=\"wp-image-1642\" style=\"width:363px\" srcset=\"https:\/\/neweracoloradoaction.org\/wp-content\/uploads\/2024\/09\/YouthAgendaChampionEndorsement-NoIcons-PinkYellow-819x1024.png 819w, https:\/\/neweracoloradoaction.org\/wp-content\/uploads\/2024\/09\/YouthAgendaChampionEndorsement-NoIcons-PinkYellow-240x300.png 240w, https:\/\/neweracoloradoaction.org\/wp-content\/uploads\/2024\/09\/YouthAgendaChampionEndorsement-NoIcons-PinkYellow-768x960.png 768w, https:\/\/neweracoloradoaction.org\/wp-content\/uploads\/2024\/09\/YouthAgendaChampionEndorsement-NoIcons-PinkYellow-1229x1536.png 1229w, https:\/\/neweracoloradoaction.org\/wp-content\/uploads\/2024\/09\/YouthAgendaChampionEndorsement-NoIcons-PinkYellow-1638x2048.png 1638w\" sizes=\"auto, (max-width: 819px) 100vw, 819px\" \/><\/figure>\n\n\n\n<h2 class=\"wp-block-heading has-text-align-center\" id=\"stephanie-vigil\">El Representante Tim Hernandez <\/h2>\n\n\n\n<h3 class=\"wp-block-heading has-text-align-center is-style-default has-large-font-size\">La C\u00e1mara de Representantes en el Distrito 16<\/h3>\n\n\n\n<p class=\"has-text-align-center\">El representante Hern\u00e1ndez (\u00e9l) est\u00e1 comprometido a acompa\u00f1ar a los j\u00f3venes y a empoderarlos en el proceso pol\u00edtico. Su experiencia como maestro y organizador comunitario le ayuda a dise\u00f1ar pol\u00edticas que centran las experiencias vividas de los j\u00f3venes, mientras equilibra la meta principal de la liberaci\u00f3n para todas las personas.<\/p>\n<\/div>\n\n\n\n<div class=\"wp-block-column has-background is-layout-flow wp-block-column-is-layout-flow\" style=\"background-color:#ffab72;padding-right:var(--wp--preset--spacing--40);padding-bottom:var(--wp--preset--spacing--80);padding-left:var(--wp--preset--spacing--40);flex-basis:50%\">\n<figure class=\"wp-block-image size-full is-style-rounded champion-photo\"><img loading=\"lazy\" decoding=\"async\" width=\"596\" height=\"599\" src=\"https:\/\/neweracoloradoaction.org\/wp-content\/uploads\/2024\/09\/yara-zokaie.png\" alt=\"Yara Zokaie\" class=\"wp-image-1656\" srcset=\"https:\/\/neweracoloradoaction.org\/wp-content\/uploads\/2024\/09\/yara-zokaie.png 596w, https:\/\/neweracoloradoaction.org\/wp-content\/uploads\/2024\/09\/yara-zokaie-298x300.png 298w, https:\/\/neweracoloradoaction.org\/wp-content\/uploads\/2024\/09\/yara-zokaie-150x150.png 150w\" sizes=\"auto, (max-width: 596px) 100vw, 596px\" \/><\/figure>\n\n\n\n<figure class=\"wp-block-image aligncenter size-large is-resized champion-badge\"><img loading=\"lazy\" decoding=\"async\" width=\"819\" height=\"1024\" src=\"https:\/\/neweracoloradoaction.org\/wp-content\/uploads\/2024\/09\/YouthAgendaChampionEndorsement-NoIcons-PinkYellow-819x1024.png\" alt=\"\" class=\"wp-image-1642\" style=\"width:363px\" srcset=\"https:\/\/neweracoloradoaction.org\/wp-content\/uploads\/2024\/09\/YouthAgendaChampionEndorsement-NoIcons-PinkYellow-819x1024.png 819w, https:\/\/neweracoloradoaction.org\/wp-content\/uploads\/2024\/09\/YouthAgendaChampionEndorsement-NoIcons-PinkYellow-240x300.png 240w, https:\/\/neweracoloradoaction.org\/wp-content\/uploads\/2024\/09\/YouthAgendaChampionEndorsement-NoIcons-PinkYellow-768x960.png 768w, https:\/\/neweracoloradoaction.org\/wp-content\/uploads\/2024\/09\/YouthAgendaChampionEndorsement-NoIcons-PinkYellow-1229x1536.png 1229w, https:\/\/neweracoloradoaction.org\/wp-content\/uploads\/2024\/09\/YouthAgendaChampionEndorsement-NoIcons-PinkYellow-1638x2048.png 1638w\" sizes=\"auto, (max-width: 819px) 100vw, 819px\" \/><\/figure>\n\n\n\n<h2 class=\"wp-block-heading has-text-align-center\" id=\"katie\">Yara Zokaie<\/h2>\n\n\n\n<h3 class=\"wp-block-heading has-text-align-center is-style-default has-large-font-size\">La C\u00e1mara de Representantes en el Distrito 52<\/h3>\n\n\n\n<p class=\"has-text-align-center\">Yara (ella) cree que es hora de que la gente elija a alguien que los represente, y no a los intereses corporativos. La experiencia de Yara como abogada de impuestos y su creencia de que las corporaciones deben pagar lo que deben ayudar\u00e1n a financiar las demandas de pol\u00edticas para un futuro m\u00e1s inclusivo, equitativo y antirracista.<\/p>\n<\/div>\n<\/div>\n<\/div>\n\n\n\n<div class=\"wp-block-group alignfull has-background is-layout-constrained wp-container-core-group-is-layout-9a4c55c5 wp-block-group-is-layout-constrained\" style=\"background:linear-gradient(90deg,rgb(255,171,114) 46%,rgb(255,121,0) 48%);margin-top:0;margin-bottom:0;padding-top:0;padding-bottom:0\">\n<div class=\"wp-block-columns is-layout-flex wp-container-core-columns-is-layout-28f84493 wp-block-columns-is-layout-flex\">\n<div class=\"wp-block-column has-background is-layout-flow wp-block-column-is-layout-flow\" style=\"background-color:#ffab72;padding-right:var(--wp--preset--spacing--40);padding-bottom:var(--wp--preset--spacing--80);padding-left:var(--wp--preset--spacing--40);flex-basis:50%\">\n<figure class=\"wp-block-image size-full is-style-rounded champion-photo\"><img loading=\"lazy\" decoding=\"async\" width=\"436\" height=\"436\" src=\"https:\/\/neweracoloradoaction.org\/wp-content\/uploads\/2024\/09\/obi-ezeadi.png\" alt=\"Obi Ozeadi\" class=\"wp-image-1660\" srcset=\"https:\/\/neweracoloradoaction.org\/wp-content\/uploads\/2024\/09\/obi-ezeadi.png 436w, https:\/\/neweracoloradoaction.org\/wp-content\/uploads\/2024\/09\/obi-ezeadi-300x300.png 300w, https:\/\/neweracoloradoaction.org\/wp-content\/uploads\/2024\/09\/obi-ezeadi-150x150.png 150w\" sizes=\"auto, (max-width: 436px) 100vw, 436px\" \/><\/figure>\n\n\n\n<figure class=\"wp-block-image aligncenter size-large is-resized champion-badge\"><img loading=\"lazy\" decoding=\"async\" width=\"819\" height=\"1024\" src=\"https:\/\/neweracoloradoaction.org\/wp-content\/uploads\/2024\/09\/YouthAgendaChampionEndorsement-NoIcons-PinkYellow-819x1024.png\" alt=\"\" class=\"wp-image-1642\" style=\"width:363px\" srcset=\"https:\/\/neweracoloradoaction.org\/wp-content\/uploads\/2024\/09\/YouthAgendaChampionEndorsement-NoIcons-PinkYellow-819x1024.png 819w, https:\/\/neweracoloradoaction.org\/wp-content\/uploads\/2024\/09\/YouthAgendaChampionEndorsement-NoIcons-PinkYellow-240x300.png 240w, https:\/\/neweracoloradoaction.org\/wp-content\/uploads\/2024\/09\/YouthAgendaChampionEndorsement-NoIcons-PinkYellow-768x960.png 768w, https:\/\/neweracoloradoaction.org\/wp-content\/uploads\/2024\/09\/YouthAgendaChampionEndorsement-NoIcons-PinkYellow-1229x1536.png 1229w, https:\/\/neweracoloradoaction.org\/wp-content\/uploads\/2024\/09\/YouthAgendaChampionEndorsement-NoIcons-PinkYellow-1638x2048.png 1638w\" sizes=\"auto, (max-width: 819px) 100vw, 819px\" \/><\/figure>\n\n\n\n<h2 class=\"wp-block-heading has-text-align-center\" id=\"katie\">Obi Ezeadi <\/h2>\n\n\n\n<h3 class=\"wp-block-heading has-text-align-center is-style-default has-large-font-size\">El Senado en en el Distrito 19<\/h3>\n\n\n\n<p class=\"has-text-align-center\">Obi (\u00e9l) est\u00e1 listo para centrar las voces de los m\u00e1s afectados en el senado. Su trabajo como Concejal del Ayuntamiento de Westminster ha afinado su capacidad para elaborar pol\u00edticas al lado de su comunidad, en lugar de hacerlo por su comunidad. Obi est\u00e1 preparado para trabajar junto a los j\u00f3venes para crear un futuro inclusivo que priorice la sanaci\u00f3n.<\/p>\n<\/div>\n\n\n\n<div class=\"wp-block-column has-custom-tangerine-background-color has-background is-layout-flow wp-block-column-is-layout-flow\" style=\"padding-right:var(--wp--preset--spacing--40);padding-bottom:var(--wp--preset--spacing--80);padding-left:var(--wp--preset--spacing--40);flex-basis:50%\"><\/div>\n<\/div>\n<\/div>\n\n\n\n<div class=\"wp-block-buttons alignfull is-content-justification-center is-layout-flex wp-container-core-buttons-is-layout-c3d5205c wp-block-buttons-is-layout-flex\" style=\"margin-top:0;margin-bottom:0\">\n<div class=\"wp-block-button has-custom-width wp-block-button__width-100 has-custom-font-size has-x-large-font-size\"><a class=\"wp-block-button__link has-background-color has-custom-eggplant-background-color has-text-color has-background has-link-color wp-element-button\" href=\"https:\/\/neweracoloradoaction.org\/es\/guia-del-votante\/endorsements\/\" style=\"border-style:none;border-width:0px;border-radius:0px\"><strong>\u00a1Aprende m\u00e1s sobre nuestros Campeones de la Agenda Juvenil para las Elecciones Generales de 2024!<\/strong><\/a><\/div>\n<\/div>\n","protected":false},"excerpt":{"rendered":"<p>\u00bfA qu\u00e9 candidatos le dio su aprobaci\u00f3n New Era Colorado? A pesar de la alta participaci\u00f3n juvenil en las \u00faltimas tres elecciones nacionales, no hemos visto un progreso sustancial en [&hellip;]<\/p>\n","protected":false},"author":1,"featured_media":0,"parent":1650,"menu_order":0,"comment_status":"closed","ping_status":"closed","template":"wp-custom-template-voter-guide-template","meta":{"_price":"","_stock":"","_tribe_ticket_header":"","_tribe_default_ticket_provider":"","_tribe_ticket_capacity":"0","_ticket_start_date":"","_ticket_end_date":"","_tribe_ticket_show_description":"","_tribe_ticket_show_not_going":false,"_tribe_ticket_use_global_stock":"","_tribe_ticket_global_stock_level":"","_global_stock_mode":"","_global_stock_cap":"","_tribe_rsvp_for_event":"","_tribe_ticket_going_count":"","_tribe_ticket_not_going_count":"","_tribe_tickets_list":"[]","_tribe_ticket_has_attendee_info_fields":false,"_EventAllDay":false,"_EventTimezone":"","_EventStartDate":"","_EventEndDate":"","_EventStartDateUTC":"","_EventEndDateUTC":"","_EventShowMap":false,"_EventShowMapLink":false,"_EventURL":"","_EventCost":"","_EventCostDescription":"","_EventCurrencySymbol":"","_EventCurrencyCode":"","_EventCurrencyPosition":"","_EventDateTimeSeparator":"","_EventTimeRangeSeparator":"","_EventOrganizerID":[],"_EventVenueID":[],"_OrganizerEmail":"","_OrganizerPhone":"","_OrganizerWebsite":"","_VenueAddress":"","_VenueCity":"","_VenueCountry":"","_VenueProvince":"","_VenueState":"","_VenueZip":"","_VenuePhone":"","_VenueURL":"","_VenueStateProvince":"","_VenueLat":"","_VenueLng":"","_VenueShowMap":false,"_VenueShowMapLink":false,"footnotes":"","_tec_slr_enabled":"","_tec_slr_layout":""},"class_list":["post-1691","page","type-page","status-publish","hentry"],"yoast_head":"<!-- This site is optimized with the Yoast SEO plugin v27.5 - https:\/\/yoast.com\/product\/yoast-seo-wordpress\/ -->\n<title>Candidates Aprobades Pasados - New Era Colorado<\/title>\n<meta name=\"robots\" content=\"noindex, follow\" \/>\n<meta property=\"og:locale\" content=\"es_ES\" \/>\n<meta property=\"og:type\" content=\"article\" \/>\n<meta property=\"og:title\" content=\"Candidates Aprobades Pasados - New Era Colorado\" \/>\n<meta property=\"og:description\" content=\"\u00bfA qu\u00e9 candidatos le dio su aprobaci\u00f3n New Era Colorado? A pesar de la alta participaci\u00f3n juvenil en las \u00faltimas tres elecciones nacionales, no hemos visto un progreso sustancial en [&hellip;]\" \/>\n<meta property=\"og:url\" content=\"https:\/\/neweracoloradoaction.org\/es\/guia-del-votante\/endorsements\/previous-endorsements\/\" \/>\n<meta property=\"og:site_name\" content=\"New Era Colorado\" \/>\n<meta property=\"article:modified_time\" content=\"2025-03-10T19:43:34+00:00\" \/>\n<meta property=\"og:image\" content=\"https:\/\/neweracoloradoaction.org\/wp-content\/uploads\/2024\/09\/youth-agenda-champions-819x1024.png\" \/>\n<meta name=\"twitter:card\" content=\"summary_large_image\" \/>\n<meta name=\"twitter:label1\" content=\"Tiempo de lectura\" \/>\n\t<meta name=\"twitter:data1\" content=\"3 minutos\" \/>\n<script type=\"application\/ld+json\" class=\"yoast-schema-graph\">{\"@context\":\"https:\\\/\\\/schema.org\",\"@graph\":[{\"@type\":\"WebPage\",\"@id\":\"https:\\\/\\\/neweracoloradoaction.org\\\/es\\\/guia-del-votante\\\/endorsements\\\/previous-endorsements\\\/\",\"url\":\"https:\\\/\\\/neweracoloradoaction.org\\\/es\\\/guia-del-votante\\\/endorsements\\\/previous-endorsements\\\/\",\"name\":\"Candidates Aprobades Pasados - New Era Colorado\",\"isPartOf\":{\"@id\":\"https:\\\/\\\/neweracoloradoaction.org\\\/#website\"},\"primaryImageOfPage\":{\"@id\":\"https:\\\/\\\/neweracoloradoaction.org\\\/es\\\/guia-del-votante\\\/endorsements\\\/previous-endorsements\\\/#primaryimage\"},\"image\":{\"@id\":\"https:\\\/\\\/neweracoloradoaction.org\\\/es\\\/guia-del-votante\\\/endorsements\\\/previous-endorsements\\\/#primaryimage\"},\"thumbnailUrl\":\"https:\\\/\\\/neweracoloradoaction.org\\\/wp-content\\\/uploads\\\/2024\\\/09\\\/youth-agenda-champions-819x1024.png\",\"datePublished\":\"2024-09-24T14:04:13+00:00\",\"dateModified\":\"2025-03-10T19:43:34+00:00\",\"breadcrumb\":{\"@id\":\"https:\\\/\\\/neweracoloradoaction.org\\\/es\\\/guia-del-votante\\\/endorsements\\\/previous-endorsements\\\/#breadcrumb\"},\"inLanguage\":\"es\",\"potentialAction\":[{\"@type\":\"ReadAction\",\"target\":[\"https:\\\/\\\/neweracoloradoaction.org\\\/es\\\/guia-del-votante\\\/endorsements\\\/previous-endorsements\\\/\"]}]},{\"@type\":\"ImageObject\",\"inLanguage\":\"es\",\"@id\":\"https:\\\/\\\/neweracoloradoaction.org\\\/es\\\/guia-del-votante\\\/endorsements\\\/previous-endorsements\\\/#primaryimage\",\"url\":\"https:\\\/\\\/neweracoloradoaction.org\\\/wp-content\\\/uploads\\\/2024\\\/09\\\/youth-agenda-champions-819x1024.png\",\"contentUrl\":\"https:\\\/\\\/neweracoloradoaction.org\\\/wp-content\\\/uploads\\\/2024\\\/09\\\/youth-agenda-champions-819x1024.png\"},{\"@type\":\"BreadcrumbList\",\"@id\":\"https:\\\/\\\/neweracoloradoaction.org\\\/es\\\/guia-del-votante\\\/endorsements\\\/previous-endorsements\\\/#breadcrumb\",\"itemListElement\":[{\"@type\":\"ListItem\",\"position\":1,\"name\":\"Home\",\"item\":\"https:\\\/\\\/neweracoloradoaction.org\\\/\"},{\"@type\":\"ListItem\",\"position\":2,\"name\":\"Gu\u00eda del Votante\",\"item\":\"https:\\\/\\\/neweracoloradoaction.org\\\/es\\\/guia-del-votante\\\/\"},{\"@type\":\"ListItem\",\"position\":3,\"name\":\"Candidates Aprobades\",\"item\":\"https:\\\/\\\/neweracoloradoaction.org\\\/es\\\/guia-del-votante\\\/endorsements\\\/\"},{\"@type\":\"ListItem\",\"position\":4,\"name\":\"Candidates Aprobades Pasados\"}]},{\"@type\":\"WebSite\",\"@id\":\"https:\\\/\\\/neweracoloradoaction.org\\\/#website\",\"url\":\"https:\\\/\\\/neweracoloradoaction.org\\\/\",\"name\":\"New Era Colorado\",\"description\":\"Building power for our generation\",\"publisher\":{\"@id\":\"https:\\\/\\\/neweracoloradoaction.org\\\/#organization\"},\"potentialAction\":[{\"@type\":\"SearchAction\",\"target\":{\"@type\":\"EntryPoint\",\"urlTemplate\":\"https:\\\/\\\/neweracoloradoaction.org\\\/?s={search_term_string}\"},\"query-input\":{\"@type\":\"PropertyValueSpecification\",\"valueRequired\":true,\"valueName\":\"search_term_string\"}}],\"inLanguage\":\"es\"},{\"@type\":\"Organization\",\"@id\":\"https:\\\/\\\/neweracoloradoaction.org\\\/#organization\",\"name\":\"New Era Colorado\",\"url\":\"https:\\\/\\\/neweracoloradoaction.org\\\/\",\"logo\":{\"@type\":\"ImageObject\",\"inLanguage\":\"es\",\"@id\":\"https:\\\/\\\/neweracoloradoaction.org\\\/#\\\/schema\\\/logo\\\/image\\\/\",\"url\":\"https:\\\/\\\/neweracoloradoaction.org\\\/wp-content\\\/uploads\\\/2024\\\/01\\\/NEC_Logo_ActionFund_Horizontal_Color.png\",\"contentUrl\":\"https:\\\/\\\/neweracoloradoaction.org\\\/wp-content\\\/uploads\\\/2024\\\/01\\\/NEC_Logo_ActionFund_Horizontal_Color.png\",\"width\":1421,\"height\":672,\"caption\":\"New Era Colorado\"},\"image\":{\"@id\":\"https:\\\/\\\/neweracoloradoaction.org\\\/#\\\/schema\\\/logo\\\/image\\\/\"}}]}<\/script>\n<!-- \/ Yoast SEO plugin. -->","yoast_head_json":{"title":"Candidates Aprobades Pasados - New Era Colorado","robots":{"index":"noindex","follow":"follow"},"og_locale":"es_ES","og_type":"article","og_title":"Candidates Aprobades Pasados - New Era Colorado","og_description":"\u00bfA qu\u00e9 candidatos le dio su aprobaci\u00f3n New Era Colorado? A pesar de la alta participaci\u00f3n juvenil en las \u00faltimas tres elecciones nacionales, no hemos visto un progreso sustancial en [&hellip;]","og_url":"https:\/\/neweracoloradoaction.org\/es\/guia-del-votante\/endorsements\/previous-endorsements\/","og_site_name":"New Era Colorado","article_modified_time":"2025-03-10T19:43:34+00:00","og_image":[{"url":"https:\/\/neweracoloradoaction.org\/wp-content\/uploads\/2024\/09\/youth-agenda-champions-819x1024.png","type":"","width":"","height":""}],"twitter_card":"summary_large_image","twitter_misc":{"Tiempo de lectura":"3 minutos"},"schema":{"@context":"https:\/\/schema.org","@graph":[{"@type":"WebPage","@id":"https:\/\/neweracoloradoaction.org\/es\/guia-del-votante\/endorsements\/previous-endorsements\/","url":"https:\/\/neweracoloradoaction.org\/es\/guia-del-votante\/endorsements\/previous-endorsements\/","name":"Candidates Aprobades Pasados - New Era Colorado","isPartOf":{"@id":"https:\/\/neweracoloradoaction.org\/#website"},"primaryImageOfPage":{"@id":"https:\/\/neweracoloradoaction.org\/es\/guia-del-votante\/endorsements\/previous-endorsements\/#primaryimage"},"image":{"@id":"https:\/\/neweracoloradoaction.org\/es\/guia-del-votante\/endorsements\/previous-endorsements\/#primaryimage"},"thumbnailUrl":"https:\/\/neweracoloradoaction.org\/wp-content\/uploads\/2024\/09\/youth-agenda-champions-819x1024.png","datePublished":"2024-09-24T14:04:13+00:00","dateModified":"2025-03-10T19:43:34+00:00","breadcrumb":{"@id":"https:\/\/neweracoloradoaction.org\/es\/guia-del-votante\/endorsements\/previous-endorsements\/#breadcrumb"},"inLanguage":"es","potentialAction":[{"@type":"ReadAction","target":["https:\/\/neweracoloradoaction.org\/es\/guia-del-votante\/endorsements\/previous-endorsements\/"]}]},{"@type":"ImageObject","inLanguage":"es","@id":"https:\/\/neweracoloradoaction.org\/es\/guia-del-votante\/endorsements\/previous-endorsements\/#primaryimage","url":"https:\/\/neweracoloradoaction.org\/wp-content\/uploads\/2024\/09\/youth-agenda-champions-819x1024.png","contentUrl":"https:\/\/neweracoloradoaction.org\/wp-content\/uploads\/2024\/09\/youth-agenda-champions-819x1024.png"},{"@type":"BreadcrumbList","@id":"https:\/\/neweracoloradoaction.org\/es\/guia-del-votante\/endorsements\/previous-endorsements\/#breadcrumb","itemListElement":[{"@type":"ListItem","position":1,"name":"Home","item":"https:\/\/neweracoloradoaction.org\/"},{"@type":"ListItem","position":2,"name":"Gu\u00eda del Votante","item":"https:\/\/neweracoloradoaction.org\/es\/guia-del-votante\/"},{"@type":"ListItem","position":3,"name":"Candidates Aprobades","item":"https:\/\/neweracoloradoaction.org\/es\/guia-del-votante\/endorsements\/"},{"@type":"ListItem","position":4,"name":"Candidates Aprobades Pasados"}]},{"@type":"WebSite","@id":"https:\/\/neweracoloradoaction.org\/#website","url":"https:\/\/neweracoloradoaction.org\/","name":"New Era Colorado","description":"Building power for our generation","publisher":{"@id":"https:\/\/neweracoloradoaction.org\/#organization"},"potentialAction":[{"@type":"SearchAction","target":{"@type":"EntryPoint","urlTemplate":"https:\/\/neweracoloradoaction.org\/?s={search_term_string}"},"query-input":{"@type":"PropertyValueSpecification","valueRequired":true,"valueName":"search_term_string"}}],"inLanguage":"es"},{"@type":"Organization","@id":"https:\/\/neweracoloradoaction.org\/#organization","name":"New Era Colorado","url":"https:\/\/neweracoloradoaction.org\/","logo":{"@type":"ImageObject","inLanguage":"es","@id":"https:\/\/neweracoloradoaction.org\/#\/schema\/logo\/image\/","url":"https:\/\/neweracoloradoaction.org\/wp-content\/uploads\/2024\/01\/NEC_Logo_ActionFund_Horizontal_Color.png","contentUrl":"https:\/\/neweracoloradoaction.org\/wp-content\/uploads\/2024\/01\/NEC_Logo_ActionFund_Horizontal_Color.png","width":1421,"height":672,"caption":"New Era Colorado"},"image":{"@id":"https:\/\/neweracoloradoaction.org\/#\/schema\/logo\/image\/"}}]}},"ticketed":false,"_links":{"self":[{"href":"https:\/\/neweracoloradoaction.org\/es\/wp-json\/wp\/v2\/pages\/1691","targetHints":{"allow":["GET"]}}],"collection":[{"href":"https:\/\/neweracoloradoaction.org\/es\/wp-json\/wp\/v2\/pages"}],"about":[{"href":"https:\/\/neweracoloradoaction.org\/es\/wp-json\/wp\/v2\/types\/page"}],"author":[{"embeddable":true,"href":"https:\/\/neweracoloradoaction.org\/es\/wp-json\/wp\/v2\/users\/1"}],"replies":[{"embeddable":true,"href":"https:\/\/neweracoloradoaction.org\/es\/wp-json\/wp\/v2\/comments?post=1691"}],"version-history":[{"count":0,"href":"https:\/\/neweracoloradoaction.org\/es\/wp-json\/wp\/v2\/pages\/1691\/revisions"}],"up":[{"embeddable":true,"href":"https:\/\/neweracoloradoaction.org\/es\/wp-json\/wp\/v2\/pages\/1650"}],"wp:attachment":[{"href":"https:\/\/neweracoloradoaction.org\/es\/wp-json\/wp\/v2\/media?parent=1691"}],"curies":[{"name":"wp","href":"https:\/\/api.w.org\/{rel}","templated":true}]}}