{"id":2568,"date":"2025-08-22T13:25:39","date_gmt":"2025-08-22T13:25:39","guid":{"rendered":"https:\/\/neweracoloradoaction.org\/voter-guide-stub\/"},"modified":"2025-10-17T21:47:56","modified_gmt":"2025-10-17T21:47:56","slug":"voter-guide-stub-es","status":"publish","type":"page","link":"https:\/\/neweracoloradoaction.org\/es\/voter-guide-stub-es\/","title":{"rendered":"Voter Guide"},"content":{"rendered":"\n<div class=\"wp-block-cover alignfull no-overflow has-aspect-ratio wp-duotone-grayscale\" style=\"margin-bottom:0;padding-bottom:var(--wp--preset--spacing--80);min-height:732px;aspect-ratio:auto;min-height:unset;\"><img loading=\"lazy\" decoding=\"async\" width=\"1024\" height=\"546\" class=\"wp-block-cover__image-background wp-image-858 size-large\" alt=\"Organizing Director Arianna and Regional Lead Organizer Kim at a table in 2023.\" src=\"https:\/\/neweracoloradoaction.org\/wp-content\/uploads\/2024\/05\/gotv-2023_53369213669_o-scaled-1-e1756142420438-1024x546.jpg\" data-object-fit=\"cover\" srcset=\"https:\/\/neweracoloradoaction.org\/wp-content\/uploads\/2024\/05\/gotv-2023_53369213669_o-scaled-1-e1756142420438-1024x546.jpg 1024w, https:\/\/neweracoloradoaction.org\/wp-content\/uploads\/2024\/05\/gotv-2023_53369213669_o-scaled-1-e1756142420438-300x160.jpg 300w, https:\/\/neweracoloradoaction.org\/wp-content\/uploads\/2024\/05\/gotv-2023_53369213669_o-scaled-1-e1756142420438-768x410.jpg 768w, https:\/\/neweracoloradoaction.org\/wp-content\/uploads\/2024\/05\/gotv-2023_53369213669_o-scaled-1-e1756142420438-1536x819.jpg 1536w, https:\/\/neweracoloradoaction.org\/wp-content\/uploads\/2024\/05\/gotv-2023_53369213669_o-scaled-1-e1756142420438-2048x1092.jpg 2048w\" sizes=\"auto, (max-width: 1024px) 100vw, 1024px\" \/><span aria-hidden=\"true\" class=\"wp-block-cover__background has-custom-eggplant-background-color has-background-dim-80 has-background-dim\"><\/span><div class=\"wp-block-cover__inner-container is-layout-constrained wp-container-core-cover-is-layout-9f2fc8af wp-block-cover-is-layout-constrained\"><h1 style=\"font-size:5rem; margin-top:8.06rem;\" class=\"wp-block-post-title\">Voter Guide<\/h1>\n\n\n<h2 class=\"wp-block-heading has-dm-sans-font-family\" style=\"font-size:2.3rem\"><strong>El d\u00eda de las elecciones es el martes 4 de noviembre de 2025 &#8211; \u00a1As\u00ed que an\u00f3tela en su calendario y no olvide votar o estar en la fila antes de las 7 p.m.!<\/strong><\/h2>\n\n\n\n<p class=\"has-large-font-size\"><strong>\u00bfPor qu\u00e9 votar en las elecciones locales? <\/strong>Tu concejo municipal tiene m\u00e1s influencia en tu vida que el Congreso. Pueden subir el salario m\u00ednimo, hacer que haya m\u00e1s viviendas accesibles y crear una econom\u00eda m\u00e1s justa y con vida, donde todos podamos salir adelante.<\/p>\n\n\n\n<div class=\"wp-block-buttons has-custom-font-size vg-fall2025 has-small-font-size is-content-justification-center is-layout-flex wp-container-core-buttons-is-layout-c124d1c4 wp-block-buttons-is-layout-flex\">\n<div class=\"wp-block-button\"><a class=\"wp-block-button__link has-background-background-color has-background wp-element-button\" href=\"https:\/\/neweracoloradoaction.org\/es\/voter-guide-stub-es\/aurora\/\">Aurora<\/a><\/div>\n\n\n\n<div class=\"wp-block-button\"><a class=\"wp-block-button__link has-background-background-color has-background wp-element-button\" href=\"https:\/\/neweracoloradoaction.org\/voter-guide\/boulder\/\">boulder<\/a><\/div>\n\n\n\n<div class=\"wp-block-button\"><a class=\"wp-block-button__link has-background-background-color has-background wp-element-button\" href=\"https:\/\/neweracoloradoaction.org\/voter-guide\/fort-collins\/\">Fort collins<\/a><\/div>\n<\/div>\n<\/div><\/div>\n\n\n\n<div class=\"wp-block-group alignfull alignwide has-custom-eggplant-color has-background-background-color has-text-color has-background has-link-color wp-elements-d9f4df38f13e4b1927573c9f3c5e10b8 is-layout-constrained wp-block-group-is-layout-constrained\" style=\"margin-top:0;margin-bottom:0;padding-top:var(--wp--preset--spacing--80);padding-bottom:var(--wp--preset--spacing--80)\">\n<p class=\"has-custom-eggplant-color has-text-color has-link-color has-x-large-font-size wp-elements-5ca963c7011545aebf10df7310b2b5f4\"><strong>Recuerda: nunca es tarde para registrarte para votar o actualizar tu registro en Colorado<\/strong>.&nbsp;<\/p>\n\n\n\n<p class=\"has-custom-eggplant-color has-text-color has-link-color has-large-font-size wp-elements-6ecf62df1c8d355e72ec27a78371c80f\">Antes del lunes, 27 de octubre, <a href=\"http:\/\/govotecolorado.gov\">hazlo en l\u00ednea<\/a> para recibir tu boleta por correo.&nbsp;Despu\u00e9s del lunes, 27 de octubre, <a href=\"https:\/\/justvotecolorado.org\/\">hazlo en persona<\/a> en un Centro de Votaci\u00f3n y Servicios al Votante.<\/p>\n<\/div>\n","protected":false},"excerpt":{"rendered":"<p>Recuerda: nunca es tarde para registrarte para votar o actualizar tu registro en Colorado.&nbsp; Antes del lunes, 27 de octubre, hazlo en l\u00ednea para recibir tu boleta por correo.&nbsp;Despu\u00e9s del lunes, 27 de octubre, hazlo en persona en un Centro de Votaci\u00f3n y Servicios al Votante.<\/p>\n","protected":false},"author":1,"featured_media":0,"parent":0,"menu_order":0,"comment_status":"closed","ping_status":"closed","template":"wp-custom-template-voter-guide-template-2","meta":{"footnotes":""},"class_list":["post-2568","page","type-page","status-publish","hentry"],"yoast_head":"<!-- This site is optimized with the Yoast SEO plugin v27.2 - https:\/\/yoast.com\/product\/yoast-seo-wordpress\/ -->\n<title>Voter Guide - New Era Colorado<\/title>\n<meta name=\"robots\" content=\"index, follow, max-snippet:-1, max-image-preview:large, max-video-preview:-1\" \/>\n<link rel=\"canonical\" href=\"https:\/\/neweracoloradoaction.org\/es\/voter-guide-stub-es\/\" \/>\n<meta property=\"og:locale\" content=\"es_ES\" \/>\n<meta property=\"og:type\" content=\"article\" \/>\n<meta property=\"og:title\" content=\"Voter Guide - New Era Colorado\" \/>\n<meta property=\"og:description\" content=\"Recuerda: nunca es tarde para registrarte para votar o actualizar tu registro en Colorado.&nbsp; Antes del lunes, 27 de octubre, hazlo en l\u00ednea para recibir tu boleta por correo.&nbsp;Despu\u00e9s del lunes, 27 de octubre, hazlo en persona en un Centro de Votaci\u00f3n y Servicios al Votante.\" \/>\n<meta property=\"og:url\" content=\"https:\/\/neweracoloradoaction.org\/es\/voter-guide-stub-es\/\" \/>\n<meta property=\"og:site_name\" content=\"New Era Colorado\" \/>\n<meta property=\"article:modified_time\" content=\"2025-10-17T21:47:56+00:00\" \/>\n<meta property=\"og:image\" content=\"https:\/\/neweracoloradoaction.org\/wp-content\/uploads\/2024\/05\/gotv-2023_53369213669_o-scaled-1-e1756142420438.jpg\" \/>\n\t<meta property=\"og:image:width\" content=\"2560\" \/>\n\t<meta property=\"og:image:height\" content=\"1365\" \/>\n\t<meta property=\"og:image:type\" content=\"image\/jpeg\" \/>\n<meta name=\"twitter:card\" content=\"summary_large_image\" \/>\n<meta name=\"twitter:label1\" content=\"Tiempo de lectura\" \/>\n\t<meta name=\"twitter:data1\" content=\"1 minuto\" \/>\n<script type=\"application\/ld+json\" class=\"yoast-schema-graph\">{\"@context\":\"https:\/\/schema.org\",\"@graph\":[{\"@type\":\"WebPage\",\"@id\":\"https:\/\/neweracoloradoaction.org\/es\/voter-guide-stub-es\/\",\"url\":\"https:\/\/neweracoloradoaction.org\/es\/voter-guide-stub-es\/\",\"name\":\"Voter Guide - New Era Colorado\",\"isPartOf\":{\"@id\":\"https:\/\/neweracoloradoaction.org\/#website\"},\"primaryImageOfPage\":{\"@id\":\"https:\/\/neweracoloradoaction.org\/es\/voter-guide-stub-es\/#primaryimage\"},\"image\":{\"@id\":\"https:\/\/neweracoloradoaction.org\/es\/voter-guide-stub-es\/#primaryimage\"},\"thumbnailUrl\":\"https:\/\/neweracoloradoaction.org\/wp-content\/uploads\/2024\/05\/gotv-2023_53369213669_o-scaled-1-e1756142420438-1024x546.jpg\",\"datePublished\":\"2025-08-22T13:25:39+00:00\",\"dateModified\":\"2025-10-17T21:47:56+00:00\",\"breadcrumb\":{\"@id\":\"https:\/\/neweracoloradoaction.org\/es\/voter-guide-stub-es\/#breadcrumb\"},\"inLanguage\":\"es\",\"potentialAction\":[{\"@type\":\"ReadAction\",\"target\":[\"https:\/\/neweracoloradoaction.org\/es\/voter-guide-stub-es\/\"]}]},{\"@type\":\"ImageObject\",\"inLanguage\":\"es\",\"@id\":\"https:\/\/neweracoloradoaction.org\/es\/voter-guide-stub-es\/#primaryimage\",\"url\":\"https:\/\/neweracoloradoaction.org\/wp-content\/uploads\/2024\/05\/gotv-2023_53369213669_o-scaled-1-e1756142420438-1024x546.jpg\",\"contentUrl\":\"https:\/\/neweracoloradoaction.org\/wp-content\/uploads\/2024\/05\/gotv-2023_53369213669_o-scaled-1-e1756142420438-1024x546.jpg\"},{\"@type\":\"BreadcrumbList\",\"@id\":\"https:\/\/neweracoloradoaction.org\/es\/voter-guide-stub-es\/#breadcrumb\",\"itemListElement\":[{\"@type\":\"ListItem\",\"position\":1,\"name\":\"Home\",\"item\":\"https:\/\/neweracoloradoaction.org\/\"},{\"@type\":\"ListItem\",\"position\":2,\"name\":\"Voter Guide\"}]},{\"@type\":\"WebSite\",\"@id\":\"https:\/\/neweracoloradoaction.org\/#website\",\"url\":\"https:\/\/neweracoloradoaction.org\/\",\"name\":\"New Era Colorado\",\"description\":\"Building power for our generation\",\"publisher\":{\"@id\":\"https:\/\/neweracoloradoaction.org\/#organization\"},\"potentialAction\":[{\"@type\":\"SearchAction\",\"target\":{\"@type\":\"EntryPoint\",\"urlTemplate\":\"https:\/\/neweracoloradoaction.org\/?s={search_term_string}\"},\"query-input\":{\"@type\":\"PropertyValueSpecification\",\"valueRequired\":true,\"valueName\":\"search_term_string\"}}],\"inLanguage\":\"es\"},{\"@type\":\"Organization\",\"@id\":\"https:\/\/neweracoloradoaction.org\/#organization\",\"name\":\"New Era Colorado\",\"url\":\"https:\/\/neweracoloradoaction.org\/\",\"logo\":{\"@type\":\"ImageObject\",\"inLanguage\":\"es\",\"@id\":\"https:\/\/neweracoloradoaction.org\/#\/schema\/logo\/image\/\",\"url\":\"https:\/\/neweracoloradoaction.org\/wp-content\/uploads\/2024\/01\/NEC_Logo_ActionFund_Horizontal_Color.png\",\"contentUrl\":\"https:\/\/neweracoloradoaction.org\/wp-content\/uploads\/2024\/01\/NEC_Logo_ActionFund_Horizontal_Color.png\",\"width\":1421,\"height\":672,\"caption\":\"New Era Colorado\"},\"image\":{\"@id\":\"https:\/\/neweracoloradoaction.org\/#\/schema\/logo\/image\/\"}}]}<\/script>\n<!-- \/ Yoast SEO plugin. -->","yoast_head_json":{"title":"Voter Guide - New Era Colorado","robots":{"index":"index","follow":"follow","max-snippet":"max-snippet:-1","max-image-preview":"max-image-preview:large","max-video-preview":"max-video-preview:-1"},"canonical":"https:\/\/neweracoloradoaction.org\/es\/voter-guide-stub-es\/","og_locale":"es_ES","og_type":"article","og_title":"Voter Guide - New Era Colorado","og_description":"Recuerda: nunca es tarde para registrarte para votar o actualizar tu registro en Colorado.&nbsp; Antes del lunes, 27 de octubre, hazlo en l\u00ednea para recibir tu boleta por correo.&nbsp;Despu\u00e9s del lunes, 27 de octubre, hazlo en persona en un Centro de Votaci\u00f3n y Servicios al Votante.","og_url":"https:\/\/neweracoloradoaction.org\/es\/voter-guide-stub-es\/","og_site_name":"New Era Colorado","article_modified_time":"2025-10-17T21:47:56+00:00","og_image":[{"width":2560,"height":1365,"url":"https:\/\/neweracoloradoaction.org\/wp-content\/uploads\/2024\/05\/gotv-2023_53369213669_o-scaled-1-e1756142420438.jpg","type":"image\/jpeg"}],"twitter_card":"summary_large_image","twitter_misc":{"Tiempo de lectura":"1 minuto"},"schema":{"@context":"https:\/\/schema.org","@graph":[{"@type":"WebPage","@id":"https:\/\/neweracoloradoaction.org\/es\/voter-guide-stub-es\/","url":"https:\/\/neweracoloradoaction.org\/es\/voter-guide-stub-es\/","name":"Voter Guide - New Era Colorado","isPartOf":{"@id":"https:\/\/neweracoloradoaction.org\/#website"},"primaryImageOfPage":{"@id":"https:\/\/neweracoloradoaction.org\/es\/voter-guide-stub-es\/#primaryimage"},"image":{"@id":"https:\/\/neweracoloradoaction.org\/es\/voter-guide-stub-es\/#primaryimage"},"thumbnailUrl":"https:\/\/neweracoloradoaction.org\/wp-content\/uploads\/2024\/05\/gotv-2023_53369213669_o-scaled-1-e1756142420438-1024x546.jpg","datePublished":"2025-08-22T13:25:39+00:00","dateModified":"2025-10-17T21:47:56+00:00","breadcrumb":{"@id":"https:\/\/neweracoloradoaction.org\/es\/voter-guide-stub-es\/#breadcrumb"},"inLanguage":"es","potentialAction":[{"@type":"ReadAction","target":["https:\/\/neweracoloradoaction.org\/es\/voter-guide-stub-es\/"]}]},{"@type":"ImageObject","inLanguage":"es","@id":"https:\/\/neweracoloradoaction.org\/es\/voter-guide-stub-es\/#primaryimage","url":"https:\/\/neweracoloradoaction.org\/wp-content\/uploads\/2024\/05\/gotv-2023_53369213669_o-scaled-1-e1756142420438-1024x546.jpg","contentUrl":"https:\/\/neweracoloradoaction.org\/wp-content\/uploads\/2024\/05\/gotv-2023_53369213669_o-scaled-1-e1756142420438-1024x546.jpg"},{"@type":"BreadcrumbList","@id":"https:\/\/neweracoloradoaction.org\/es\/voter-guide-stub-es\/#breadcrumb","itemListElement":[{"@type":"ListItem","position":1,"name":"Home","item":"https:\/\/neweracoloradoaction.org\/"},{"@type":"ListItem","position":2,"name":"Voter Guide"}]},{"@type":"WebSite","@id":"https:\/\/neweracoloradoaction.org\/#website","url":"https:\/\/neweracoloradoaction.org\/","name":"New Era Colorado","description":"Building power for our generation","publisher":{"@id":"https:\/\/neweracoloradoaction.org\/#organization"},"potentialAction":[{"@type":"SearchAction","target":{"@type":"EntryPoint","urlTemplate":"https:\/\/neweracoloradoaction.org\/?s={search_term_string}"},"query-input":{"@type":"PropertyValueSpecification","valueRequired":true,"valueName":"search_term_string"}}],"inLanguage":"es"},{"@type":"Organization","@id":"https:\/\/neweracoloradoaction.org\/#organization","name":"New Era Colorado","url":"https:\/\/neweracoloradoaction.org\/","logo":{"@type":"ImageObject","inLanguage":"es","@id":"https:\/\/neweracoloradoaction.org\/#\/schema\/logo\/image\/","url":"https:\/\/neweracoloradoaction.org\/wp-content\/uploads\/2024\/01\/NEC_Logo_ActionFund_Horizontal_Color.png","contentUrl":"https:\/\/neweracoloradoaction.org\/wp-content\/uploads\/2024\/01\/NEC_Logo_ActionFund_Horizontal_Color.png","width":1421,"height":672,"caption":"New Era Colorado"},"image":{"@id":"https:\/\/neweracoloradoaction.org\/#\/schema\/logo\/image\/"}}]}},"_links":{"self":[{"href":"https:\/\/neweracoloradoaction.org\/es\/wp-json\/wp\/v2\/pages\/2568","targetHints":{"allow":["GET"]}}],"collection":[{"href":"https:\/\/neweracoloradoaction.org\/es\/wp-json\/wp\/v2\/pages"}],"about":[{"href":"https:\/\/neweracoloradoaction.org\/es\/wp-json\/wp\/v2\/types\/page"}],"author":[{"embeddable":true,"href":"https:\/\/neweracoloradoaction.org\/es\/wp-json\/wp\/v2\/users\/1"}],"replies":[{"embeddable":true,"href":"https:\/\/neweracoloradoaction.org\/es\/wp-json\/wp\/v2\/comments?post=2568"}],"version-history":[{"count":0,"href":"https:\/\/neweracoloradoaction.org\/es\/wp-json\/wp\/v2\/pages\/2568\/revisions"}],"wp:attachment":[{"href":"https:\/\/neweracoloradoaction.org\/es\/wp-json\/wp\/v2\/media?parent=2568"}],"curies":[{"name":"wp","href":"https:\/\/api.w.org\/{rel}","templated":true}]}}